{"id":705,"date":"2019-10-31T10:09:31","date_gmt":"2019-10-31T10:09:31","guid":{"rendered":"https:\/\/demo.ecosolucions.com\/?page_id=705"},"modified":"2019-11-13T15:44:27","modified_gmt":"2019-11-13T15:44:27","slug":"politica-de-privacidad","status":"publish","type":"page","link":"https:\/\/ecosolucions.com\/es\/politica-de-privacidad\/","title":{"rendered":"Pol\u00edtica de privacidad"},"content":{"rendered":"\t\t<div data-elementor-type=\"wp-post\" data-elementor-id=\"705\" class=\"elementor elementor-705 elementor-704\">\n\t\t\t\t\t\t<section class=\"elementor-section elementor-top-section elementor-element elementor-element-18e5e6ef elementor-section-height-min-height elementor-section-boxed elementor-section-height-default elementor-section-items-middle\" data-id=\"18e5e6ef\" data-element_type=\"section\" data-settings=\"{&quot;background_background&quot;:&quot;classic&quot;}\">\n\t\t\t\t\t\t<div class=\"elementor-container elementor-column-gap-default\">\n\t\t\t\t\t<div class=\"elementor-column elementor-col-100 elementor-top-column elementor-element elementor-element-577dd86\" data-id=\"577dd86\" data-element_type=\"column\">\n\t\t\t<div class=\"elementor-widget-wrap elementor-element-populated\">\n\t\t\t\t\t\t<section class=\"elementor-section elementor-inner-section elementor-element elementor-element-3ed387e7 elementor-section-boxed elementor-section-height-default elementor-section-height-default\" data-id=\"3ed387e7\" data-element_type=\"section\">\n\t\t\t\t\t\t<div class=\"elementor-container elementor-column-gap-default\">\n\t\t\t\t\t<div class=\"elementor-column elementor-col-100 elementor-inner-column elementor-element elementor-element-17c7c439\" data-id=\"17c7c439\" data-element_type=\"column\">\n\t\t\t<div class=\"elementor-widget-wrap elementor-element-populated\">\n\t\t\t\t\t\t<div class=\"elementor-element elementor-element-745319d2 elementor-widget elementor-widget-text-editor\" data-id=\"745319d2\" data-element_type=\"widget\" data-widget_type=\"text-editor.default\">\n\t\t\t\t<div class=\"elementor-widget-container\">\n\t\t\t\t\t\t\t\t\t<p>Pol\u00edtica de privacidad<\/p>\t\t\t\t\t\t\t\t<\/div>\n\t\t\t\t<\/div>\n\t\t\t\t\t<\/div>\n\t\t<\/div>\n\t\t\t\t\t<\/div>\n\t\t<\/section>\n\t\t\t\t\t<\/div>\n\t\t<\/div>\n\t\t\t\t\t<\/div>\n\t\t<\/section>\n\t\t\t\t<section class=\"elementor-section elementor-top-section elementor-element elementor-element-1de2fe3 elementor-section-boxed elementor-section-height-default elementor-section-height-default\" data-id=\"1de2fe3\" data-element_type=\"section\" data-settings=\"{&quot;background_background&quot;:&quot;classic&quot;}\">\n\t\t\t\t\t\t<div class=\"elementor-container elementor-column-gap-wider\">\n\t\t\t\t\t<div class=\"elementor-column elementor-col-100 elementor-top-column elementor-element elementor-element-f321e60\" data-id=\"f321e60\" data-element_type=\"column\">\n\t\t\t<div class=\"elementor-widget-wrap elementor-element-populated\">\n\t\t\t\t\t\t<div class=\"elementor-element elementor-element-6f5c99fb elementor-widget elementor-widget-text-editor\" data-id=\"6f5c99fb\" data-element_type=\"widget\" data-widget_type=\"text-editor.default\">\n\t\t\t\t<div class=\"elementor-widget-container\">\n\t\t\t\t\t\t\t\t\t<p><strong>Ecosolucions SL<\/strong> (en adelante el \u201cPrestador\u201d) con NIF n\u00famero J66992413 y con domicilio a estos efectos en calle Gallecs, 6-8 Bajos, local 1, 08032 Barcelona, es el titular del sitio web <strong>www.ecosolucions.com<\/strong> (en adelante, \u201cel portal o sitio web\u201d), cumple con las directrices de la normativa vigente en materia de protecci\u00f3n de datos personales, el Reglamento (UE) 2016\/679 de 27 de abril de 2016 (RGPD), relativo a la protecci\u00f3n de las personas f\u00edsicas en cuanto al tratamiento de datos personales y a la libre circulaci\u00f3n de estos datos.<\/p>\n<p>El Usuario es el \u00fanico responsable de la veracidad y correcci\u00f3n de los datos que remita al Prestador, exonerando al Prestador de cualquier responsabilidad al respeto.<\/p>\n<p>El Prestador informa que los datos que el Usuario voluntariamente est\u00e1 facilitando ser\u00e1n incorporados a sus sistemas de informaci\u00f3n con la siguiente finalidad:<\/p>\n<ul>\n<li>En caso de contrataci\u00f3n de los bienes y\/o servicios ofertados a trav\u00e9s del Sitio Web, para mantener la relaci\u00f3n contractual, as\u00ed como la gesti\u00f3n, administraci\u00f3n, informaci\u00f3n, prestaci\u00f3n y mejora del servicio ofrecido<\/li>\n<li>En el caso de solicitud de informaci\u00f3n mediante los formularios del sitio web, para enviar informaci\u00f3n sobre la consulta realizada<\/li>\n<li>En el caso de suscripci\u00f3n, para remitir boletines (newsletters), as\u00ed como comunicaciones comerciales de promociones y\/o publicidad del Sitio Web.<\/li>\n<\/ul>\n<p>El Usuario, puede oponerse al env\u00edo de comunicaciones comerciales por cualquier v\u00eda y en cualquier momento, remitiendo un correo electr\u00f3nico a la direcci\u00f3n de correo electr\u00f3nico indicada m\u00e1s adelante.<\/p>\n<p>Mediante la introducci\u00f3n de los datos, el Usuario otorga el consentimiento inequ\u00edvoco al Prestador, declarando haber sido informado de las condiciones sobre protecci\u00f3n de datos de car\u00e1cter personal, aceptando y consintiendo el tratamiento automatizado de los mismos, para que proceda al tratamiento de los datos facilitados en pro de las finalidades mencionadas. El no facilitar los datos personales solicitados o el no aceptar la presente pol\u00edtica de protecci\u00f3n de datos supone la imposibilidad de subscribirse, registrarse o recibir informaci\u00f3n de los productos y servicios del Prestador.<\/p>\n<p>El Prestador informa que no ceder\u00e1 los datos personales a terceros, excepto por obligaci\u00f3n legal. Sin embargo, en el caso de ser cedidos a alg\u00fan tercero se producir\u00eda una informaci\u00f3n previa solicitando el consentimiento expreso para tal cesi\u00f3n. La entidad responsable de la base de datos, hosting, as\u00ed como los que intervengan en cualquier fase del tratamiento y\/o las entidades a quienes se los haya comunicado, est\u00e1n obligadas a observar el secreto profesional y a la adopci\u00f3n de los niveles de protecci\u00f3n y las medidas t\u00e9cnicas y organizativas necesarias a su alcance para garantizar la seguridad de los datos de car\u00e1cter personal. Como encargados de tratamiento, el Prestador tiene contratados los siguientes proveedores de servicios, que se han comprometido al cumplimiento de las disposiciones normativas de aplicaci\u00f3n en materia de protecci\u00f3n de datos, en el momento de su contrataci\u00f3n:<\/p>\n<p>Activaweb Projectes Online SL, CIF: B65771149, C. Jaume I, 82, 08320 El Masnou, Barcelona, que proporciona los servicios de alojamiento web (hosting). Pol\u00edtica de privacidad y dem\u00e1s aspectos legales de dicha compa\u00f1\u00eda en el siguiente enlace:<\/p>\n<p><a href=\"https:\/\/www.activaweb.net\/gdpr.php\">https:\/\/www.activaweb.net\/gdpr.php<\/a><\/p>\n<p>Google LLC, con domicilio en 1600 Amphitheatre Parkway, 94043, Mountain View (California), Estados Unidos, que presta los servicios de GSuite, consistentes en servicios de computaci\u00f3n en la nube y de correo electr\u00f3nico. Pol\u00edtica de privacidad y dem\u00e1s aspectos legales de dicha compa\u00f1\u00eda en el siguiente enlace:<\/p>\n<p><a href=\"https:\/\/www.google.com\/intl\/es\/policies\/privacy\/\">https:\/\/www.google.com\/intl\/es\/policies\/privacy\/<\/a><\/p>\n<p>Google participa y ha certificado su cumplimiento con el marco del acuerdo entre EE.UU. y la Uni\u00f3n Europea denominado Privacy Shield, habi\u00e9ndose comprometido a someter toda la informaci\u00f3n personal recibida de pa\u00edses miembros de la Uni\u00f3n Europea a los principios derivados del Privacy Shield. Adhesi\u00f3n de Google al Privacy Shield:<\/p>\n<p><a href=\"https:\/\/www.privacyshield.gov\/participant?id=a2zt000000001L5AAI&amp;status=Active\">https:\/\/www.privacyshield.gov\/participant?id=a2zt000000001L5AAI&amp;status=Active<\/a><\/p>\n<p>M\u00e1s informaci\u00f3n acerca del Privacy Shield en la web del Departamento de Comercio de los EE.UU.:<\/p>\n<p><a href=\"https:\/\/www.privacyshield.gov\/welcome\">https:\/\/www.privacyshield.gov\/welcome<\/a><\/p>\n<p>El Prestador garantiza en todo caso al Usuario el ejercicio de los derechos de acceso, rectificaci\u00f3n, cancelaci\u00f3n, informaci\u00f3n y oposici\u00f3n, limitaci\u00f3n y portabilidad, en los t\u00e9rminos dispuestos en la legislaci\u00f3n vigente. Por ello, podr\u00e1 ejercer sus derechos remitiendo una solicitud expresa en la direcci\u00f3n mencionada en el encabezado y\/o enviando un correo electr\u00f3nico a <a href=\"mailto:info@ecosolucions.com\">info@ecosolucions.com<\/a>, indicando en el asunto: Derechos ARCO, y adjuntando fotocopia de su DNI. A su vez, el Usuario, tiene derecho a retirar el consentimiento prestado en cualquier momento. La retirada del consentimiento no afectar\u00e1 a la licitud del tratamiento efectuado antes de la retirada del consentimiento. Tambi\u00e9n tiene derecho a presentar una reclamaci\u00f3n ante la autoridad de control si considera que pueden haberse visto vulnerados sus derechos en relaci\u00f3n a la protecci\u00f3n de sus datos ante la Agencia Espa\u00f1ola de Protecci\u00f3n de Datos (AEPD), en la calle Jorge Juan, 6, 28001-Madrid o a trav\u00e9s de la sede electr\u00f3nica de la AEPD:<\/p>\n<p><a href=\"https:\/\/sedeagpd.gob.es\/sede-electronica-web\/\">https:\/\/sedeagpd.gob.es\/sede-electronica-web\/<\/a><\/p>\n<p>Los datos facilitados por el Usuario, se conservar\u00e1n mientras haya un inter\u00e9s mutuo para mantener el fin del tratamiento y durante el plazo por el cu\u00e1l pudieran derivase responsabilidades legales por los servicios prestados. Cuando ya no sea necesario para tal fin, se suprimir\u00e1n con medidas de seguridad adecuadas para garantizar la seudonimizaci\u00f3n de los datos o destrucci\u00f3n total de los mismos. El Prestador se reserva el derecho a modificar la presente pol\u00edtica para adaptarla a novedades legislativas o jurisprudenciales.<\/p>\n<p>El Usuario, para cualquier aspecto relacionado con esta pol\u00edtica de privacidad, puede ponerse en contacto con el Prestador en la direcci\u00f3n de correo electr\u00f3nico: <a href=\"mailto:info@ecosolucions.com\">info@ecosolucions.com<\/a>.<\/p>\n\t\t\t\t\t\t\t\t<\/div>\n\t\t\t\t<\/div>\n\t\t\t\t\t<\/div>\n\t\t<\/div>\n\t\t\t\t\t<\/div>\n\t\t<\/section>\n\t\t\t\t<\/div>\n\t\t","protected":false},"excerpt":{"rendered":"<p>Pol\u00edtica de privacidad Ecosolucions SL (en adelante el \u201cPrestador\u201d) con NIF n\u00famero J66992413 y con domicilio a estos efectos en [&hellip;]<\/p>\n","protected":false},"author":1,"featured_media":0,"parent":0,"menu_order":0,"comment_status":"closed","ping_status":"closed","template":"page-templates\/template_page-builder.php","meta":{"footnotes":""},"class_list":["post-705","page","type-page","status-publish","hentry"],"_links":{"self":[{"href":"https:\/\/ecosolucions.com\/es\/wp-json\/wp\/v2\/pages\/705","targetHints":{"allow":["GET"]}}],"collection":[{"href":"https:\/\/ecosolucions.com\/es\/wp-json\/wp\/v2\/pages"}],"about":[{"href":"https:\/\/ecosolucions.com\/es\/wp-json\/wp\/v2\/types\/page"}],"author":[{"embeddable":true,"href":"https:\/\/ecosolucions.com\/es\/wp-json\/wp\/v2\/users\/1"}],"replies":[{"embeddable":true,"href":"https:\/\/ecosolucions.com\/es\/wp-json\/wp\/v2\/comments?post=705"}],"version-history":[{"count":6,"href":"https:\/\/ecosolucions.com\/es\/wp-json\/wp\/v2\/pages\/705\/revisions"}],"predecessor-version":[{"id":812,"href":"https:\/\/ecosolucions.com\/es\/wp-json\/wp\/v2\/pages\/705\/revisions\/812"}],"wp:attachment":[{"href":"https:\/\/ecosolucions.com\/es\/wp-json\/wp\/v2\/media?parent=705"}],"curies":[{"name":"wp","href":"https:\/\/api.w.org\/{rel}","templated":true}]}}