{"id":702,"date":"2019-10-30T13:03:46","date_gmt":"2019-10-30T13:03:46","guid":{"rendered":"https:\/\/demo.ecosolucions.com\/?page_id=702"},"modified":"2019-11-13T15:44:22","modified_gmt":"2019-11-13T15:44:22","slug":"politica-de-cookies","status":"publish","type":"page","link":"https:\/\/ecosolucions.com\/es\/politica-de-cookies\/","title":{"rendered":"Pol\u00edtica de cookies"},"content":{"rendered":"\t\t<div data-elementor-type=\"wp-post\" data-elementor-id=\"702\" class=\"elementor elementor-702 elementor-701\">\n\t\t\t\t\t\t<section class=\"elementor-section elementor-top-section elementor-element elementor-element-18e5e6ef elementor-section-height-min-height elementor-section-boxed elementor-section-height-default elementor-section-items-middle\" data-id=\"18e5e6ef\" data-element_type=\"section\" data-settings=\"{&quot;background_background&quot;:&quot;classic&quot;}\">\n\t\t\t\t\t\t<div class=\"elementor-container elementor-column-gap-default\">\n\t\t\t\t\t<div class=\"elementor-column elementor-col-100 elementor-top-column elementor-element elementor-element-577dd86\" data-id=\"577dd86\" data-element_type=\"column\">\n\t\t\t<div class=\"elementor-widget-wrap elementor-element-populated\">\n\t\t\t\t\t\t<section class=\"elementor-section elementor-inner-section elementor-element elementor-element-3ed387e7 elementor-section-boxed elementor-section-height-default elementor-section-height-default\" data-id=\"3ed387e7\" data-element_type=\"section\">\n\t\t\t\t\t\t<div class=\"elementor-container elementor-column-gap-default\">\n\t\t\t\t\t<div class=\"elementor-column elementor-col-100 elementor-inner-column elementor-element elementor-element-17c7c439\" data-id=\"17c7c439\" data-element_type=\"column\">\n\t\t\t<div class=\"elementor-widget-wrap elementor-element-populated\">\n\t\t\t\t\t\t<div class=\"elementor-element elementor-element-745319d2 elementor-widget elementor-widget-text-editor\" data-id=\"745319d2\" data-element_type=\"widget\" data-widget_type=\"text-editor.default\">\n\t\t\t\t<div class=\"elementor-widget-container\">\n\t\t\t\t\t\t\t\t\t<p>Pol\u00edtica de cookies<\/p>\t\t\t\t\t\t\t\t<\/div>\n\t\t\t\t<\/div>\n\t\t\t\t\t<\/div>\n\t\t<\/div>\n\t\t\t\t\t<\/div>\n\t\t<\/section>\n\t\t\t\t\t<\/div>\n\t\t<\/div>\n\t\t\t\t\t<\/div>\n\t\t<\/section>\n\t\t\t\t<section class=\"elementor-section elementor-top-section elementor-element elementor-element-1de2fe3 elementor-section-boxed elementor-section-height-default elementor-section-height-default\" data-id=\"1de2fe3\" data-element_type=\"section\" data-settings=\"{&quot;background_background&quot;:&quot;classic&quot;}\">\n\t\t\t\t\t\t<div class=\"elementor-container elementor-column-gap-wider\">\n\t\t\t\t\t<div class=\"elementor-column elementor-col-100 elementor-top-column elementor-element elementor-element-f321e60\" data-id=\"f321e60\" data-element_type=\"column\">\n\t\t\t<div class=\"elementor-widget-wrap elementor-element-populated\">\n\t\t\t\t\t\t<div class=\"elementor-element elementor-element-6f5c99fb elementor-widget elementor-widget-text-editor\" data-id=\"6f5c99fb\" data-element_type=\"widget\" data-widget_type=\"text-editor.default\">\n\t\t\t\t<div class=\"elementor-widget-container\">\n\t\t\t\t\t\t\t\t\t<p>Esta web utiliza cookies de terceros para analizar la navegaci\u00f3n del usuario. Con la mera navegaci\u00f3n (con el navegador habilitado para aceptar cookies), el usuario acepta la instalaci\u00f3n de cookies, salvo que se oponga, seg\u00fan se detalla en esta Pol\u00edtica de Cookies.<\/p>\n<p>La presente pol\u00edtica tiene como finalidad informarle de manera clara y concisa sobre las cookies que se usan en nuestro sitio web.<\/p>\n<h3>\u00bfQue es una cookie?<\/h3>\n<p>Una cookie es un fichero que se descarga en el ordenador\/Smartphone\/tablet del usuario al acceder a determinadas p\u00e1ginas web para almacenar y recuperar informaci\u00f3n sobre la navegaci\u00f3n que se efect\u00faa desde dicho equipo.<\/p>\n<h3>Cookies utilizadas<\/h3>\n<p>Esta web utiliza cookies anal\u00edticas de terceros (Google Analytics) para recabar estad\u00edsticas sobre la actividad del usuario al visitar la p\u00e1gina y la actividad general de la misma. La informaci\u00f3n recopilada es an\u00f3nima y permite optimizar la navegaci\u00f3n por nuestra web. Gracias a ello podemos estudiar la navegaci\u00f3n por el sitio web y mejorar as\u00ed la oferta de productos o servicios que ofrecemos.<\/p>\n<h3>Configuraci\u00f3n de cookies<\/h3>\n<p>En todo momento puede permitir, bloquear o eliminar las cookies instaladas en su equipo mediante la configuraci\u00f3n de las opciones de su navegador de Internet. Asimismo el usuario puede activar:<\/p>\n<ul>\n<li>La navegaci\u00f3n privada, mediante la cual su navegador deja de actuar en el historial de navegaci\u00f3n, contrase\u00f1as de sitios web, cookies y otra informaci\u00f3n de la p\u00e1ginas que visita, o<\/li>\n<li>La funci\u00f3n de no rastrear, por la que el navegador pide a los sitios web que visita no rastreen sus h\u00e1bitos de navegaci\u00f3n, para por ejemplo, servirle publicidad de su inter\u00e9s en los sitios que visita.<\/li>\n<\/ul>\n<p>A continuaci\u00f3n incluimos los v\u00ednculos para gestionar cookies en los navegadores m\u00e1s relevantes:<\/p>\n<ul>\n<li>Google Chrome\u00a0<a href=\"https:\/\/support.google.com\/chrome\/answer\/95647?hl=es\">https:\/\/support.google.com\/chrome\/answer\/95647?hl=es<\/a><\/li>\n<li>Mozilla Firefox\u00a0<a href=\"http:\/\/support.mozilla.org\/es\/kb\/habilitar-y-deshabilitar-cookies-que-los-sitios-we\">http:\/\/support.mozilla.org\/es\/kb\/habilitar-y-deshabilitar-cookies-que-los-sitios-we<\/a><\/li>\n<li>Internet Explorer\u00a0<a href=\"http:\/\/windows.microsoft.com\/es-es\/windows-vista\/block-or-allow-cookies\">http:\/\/windows.microsoft.com\/es-es\/windows-vista\/block-or-allow-cookies<\/a><\/li>\n<li>Safari\u00a0<a href=\"http:\/\/support.apple.com\/kb\/ph5042\">http:\/\/support.apple.com\/kb\/ph5042<\/a><\/li>\n<\/ul>\n<p>Tenga en cuenta que si rechaza la instalaci\u00f3n de cookies podr\u00e1 seguir usando el sitio web, aunque el uso de algunos de sus servicios podr\u00e1 ser limitado.<\/p>\n<h3>Descripci\u00f3n t\u00e9cnica de cookies utilizadas<\/h3>\n<table class=\"taulaCookies\" style=\"font-size: 12px;\" border=\"0\" cellspacing=\"0\" cellpadding=\"5\">\n<tbody>\n<tr>\n<td class=\"tit\" style=\"width: 60px;\"><span style=\"vertical-align: inherit;\"><span style=\"vertical-align: inherit;\">nombre<\/span><\/span><\/td>\n<td class=\"tit\" style=\"width: 60px;\"><span style=\"vertical-align: inherit;\"><span style=\"vertical-align: inherit;\">titular<\/span><\/span><\/td>\n<td class=\"tit\" style=\"width: 220px;\"><span style=\"vertical-align: inherit;\"><span style=\"vertical-align: inherit;\">duraci\u00f3n<\/span><\/span><\/td>\n<td class=\"tit\" style=\"width: 580px;\"><span style=\"vertical-align: inherit;\"><span style=\"vertical-align: inherit;\">finalidad<\/span><\/span><\/td>\n<\/tr>\n<tr>\n<td><span style=\"vertical-align: inherit;\"><span style=\"vertical-align: inherit;\">_utmc<\/span><\/span><\/td>\n<td rowspan=\"14\"><span style=\"vertical-align: inherit;\"><span style=\"vertical-align: inherit;\">google<\/span><\/span><\/td>\n<td><span style=\"vertical-align: inherit;\"><span style=\"vertical-align: inherit;\">sesi\u00f3n<\/span><\/span><\/td>\n<td><span style=\"vertical-align: inherit;\"><span style=\"vertical-align: inherit;\">Esta cookie opera en conjunto con la cookie _utmb para determinar si el usuario estaba en una nueva sesi\u00f3n \/ visita.<\/span><\/span><\/td>\n<\/tr>\n<tr>\n<td><span style=\"vertical-align: inherit;\"><span style=\"vertical-align: inherit;\">_utmb<\/span><\/span><\/td>\n<td><span style=\"vertical-align: inherit;\"><span style=\"vertical-align: inherit;\">30 minutos<\/span><\/span><\/td>\n<td><span style=\"vertical-align: inherit;\"><span style=\"vertical-align: inherit;\">Se utiliza para determinar nuevas sesiones \/ visitas. <\/span><span style=\"vertical-align: inherit;\">La galleta se actualiza cada vez que los datos se env\u00edan a Google Analytics.<\/span><\/span><\/td>\n<\/tr>\n<tr>\n<td><span style=\"vertical-align: inherit;\"><span style=\"vertical-align: inherit;\">SIDCC<\/span><\/span><\/td>\n<td><span style=\"vertical-align: inherit;\"><span style=\"vertical-align: inherit;\">3 meses<\/span><\/span><\/td>\n<td rowspan=\"2\"><span style=\"vertical-align: inherit;\"><span style=\"vertical-align: inherit;\">Estas cookies son utilizados por Google para almacenar las preferencias del usuario y la informaci\u00f3n durante la visualizaci\u00f3n de las p\u00e1ginas con los mapas de Google en ellos.<\/span><\/span><\/td>\n<\/tr>\n<tr>\n<td><span style=\"vertical-align: inherit;\"><span style=\"vertical-align: inherit;\">NID<\/span><\/span><\/td>\n<td rowspan=\"2\"><span style=\"vertical-align: inherit;\"><span style=\"vertical-align: inherit;\">6 meses<\/span><\/span><\/td>\n<\/tr>\n<tr>\n<td><span style=\"vertical-align: inherit;\"><span style=\"vertical-align: inherit;\">_utmz<\/span><\/span><\/td>\n<td><span style=\"vertical-align: inherit;\"><span style=\"vertical-align: inherit;\">Almacena la fuente de tr\u00e1fico o una campa\u00f1a que explica c\u00f3mo el usuario lleg\u00f3 a su sitio. <\/span><span style=\"vertical-align: inherit;\">Se crea la cookie cuando se ejecuta la biblioteca de JavaScript y se actualiza cada vez que los datos se env\u00edan a Google Analytics.<\/span><\/span><\/td>\n<\/tr>\n<tr>\n<td><span style=\"vertical-align: inherit;\"><span style=\"vertical-align: inherit;\">_utma<\/span><\/span><\/td>\n<td rowspan=\"5\"><span style=\"vertical-align: inherit;\"><span style=\"vertical-align: inherit;\">2 a\u00f1os<\/span><\/span><\/td>\n<td><span style=\"vertical-align: inherit;\"><span style=\"vertical-align: inherit;\">Se utiliza para distinguir los usuarios y sesiones. <\/span><span style=\"vertical-align: inherit;\">La cookie se actualiza cada vez que los datos se env\u00edan a Google Analytics.<\/span><\/span><\/td>\n<\/tr>\n<tr>\n<td><span style=\"vertical-align: inherit;\"><span style=\"vertical-align: inherit;\">_utmv<\/span><\/span><\/td>\n<td><span style=\"vertical-align: inherit;\"><span style=\"vertical-align: inherit;\">Se utiliza para almacenar los datos a nivel de visitante variable personalizados. <\/span><span style=\"vertical-align: inherit;\">La galleta se actualiza cada vez que los datos se env\u00edan a Google Analytics.<\/span><\/span><\/td>\n<\/tr>\n<tr>\n<td><span style=\"vertical-align: inherit;\"><span style=\"vertical-align: inherit;\">_ga<\/span><\/span><\/td>\n<td><span style=\"vertical-align: inherit;\"><span style=\"vertical-align: inherit;\">Se utiliza para distinguir los usuarios.<\/span><\/span><\/td>\n<\/tr>\n<tr>\n<td><span style=\"vertical-align: inherit;\"><span style=\"vertical-align: inherit;\">APISID<\/span><\/span><\/td>\n<td rowspan=\"5\"><span style=\"vertical-align: inherit;\"><span style=\"vertical-align: inherit;\">Estas cookies son utilizados por Google para almacenar las preferencias del usuario y la informaci\u00f3n durante la visualizaci\u00f3n de las p\u00e1ginas con los mapas de Google en ellos.<\/span><\/span><\/td>\n<\/tr>\n<tr>\n<td><span style=\"vertical-align: inherit;\"><span style=\"vertical-align: inherit;\">SSID<\/span><\/span><\/td>\n<\/tr>\n<tr>\n<td><span style=\"vertical-align: inherit;\"><span style=\"vertical-align: inherit;\">HSID<\/span><\/span><\/td>\n<td rowspan=\"3\"><span style=\"vertical-align: inherit;\"><span style=\"vertical-align: inherit;\">1 a\u00f1o<\/span><\/span><\/td>\n<\/tr>\n<tr>\n<td><span style=\"vertical-align: inherit;\"><span style=\"vertical-align: inherit;\">SAPISID<\/span><\/span><\/td>\n<\/tr>\n<tr>\n<td><span style=\"vertical-align: inherit;\"><span style=\"vertical-align: inherit;\">SID<\/span><\/span><\/td>\n<\/tr>\n<tr>\n<td><span style=\"vertical-align: inherit;\"><span style=\"vertical-align: inherit;\">CONSIENTE<\/span><\/span><\/td>\n<td><span style=\"vertical-align: inherit;\"><span style=\"vertical-align: inherit;\">permanente<\/span><\/span><\/td>\n<td><span style=\"vertical-align: inherit;\"><span style=\"vertical-align: inherit;\">Se utiliza para almacenar si el usuario ha dado su consentimiento de los servicios de Google<\/span><\/span><\/td>\n<\/tr>\n<tr>\n<td><span style=\"vertical-align: inherit;\"><span style=\"vertical-align: inherit;\">1P_JAR<\/span><\/span><\/td>\n<td><span style=\"vertical-align: inherit;\"><span style=\"vertical-align: inherit;\">Google Analytics<\/span><\/span><\/td>\n<td><span style=\"vertical-align: inherit;\"><span style=\"vertical-align: inherit;\">1 semana<\/span><\/span><\/td>\n<td><span style=\"vertical-align: inherit;\"><span style=\"vertical-align: inherit;\">Facilita datos de navegaci\u00f3n para las estad\u00edsticas de Google<\/span><\/span><\/td>\n<\/tr>\n<tr>\n<td><span style=\"vertical-align: inherit;\"><span style=\"vertical-align: inherit;\">_AVESTA_ENVIRONMENT<\/span><\/span><\/td>\n<td rowspan=\"10\"><span style=\"vertical-align: inherit;\"><span style=\"vertical-align: inherit;\">MailChimp<\/span><\/span><\/td>\n<td><span style=\"vertical-align: inherit;\"><span style=\"vertical-align: inherit;\">sesi\u00f3n<\/span><\/span><\/td>\n<td><span style=\"vertical-align: inherit;\"><span style=\"vertical-align: inherit;\">Contiene informaci\u00f3n de nuestra suscripci\u00f3n a la newsletter<\/span><\/span><\/td>\n<\/tr>\n<tr>\n<td><span style=\"vertical-align: inherit;\"><span style=\"vertical-align: inherit;\">MC_USER_INFO<\/span><\/span><\/td>\n<td rowspan=\"2\"><span style=\"vertical-align: inherit;\"><span style=\"vertical-align: inherit;\">1 mes<\/span><\/span><\/td>\n<td><span style=\"vertical-align: inherit;\"><span style=\"vertical-align: inherit;\">Estas cookies permiten que nuestro sitio web recuerde las elecciones que hace (como su nombre de usuario, idioma o la regi\u00f3n en la que se encuentra) para proporcionar una experiencia en l\u00ednea m\u00e1s personalizada.<\/span><\/span><\/td>\n<\/tr>\n<tr>\n<td><span style=\"vertical-align: inherit;\"><span style=\"vertical-align: inherit;\">mailchimp_landing_site<\/span><\/span><\/td>\n<td><span style=\"vertical-align: inherit;\"><span style=\"vertical-align: inherit;\">Integraci\u00f3n con el sistema de gesti\u00f3n de suscripci\u00f3n de la newsletter (MailChimp)<\/span><\/span><\/td>\n<\/tr>\n<tr>\n<td><span style=\"vertical-align: inherit;\"><span style=\"vertical-align: inherit;\">_mc<\/span><\/span><\/td>\n<td><span style=\"vertical-align: inherit;\"><span style=\"vertical-align: inherit;\">3 meses<\/span><\/span><\/td>\n<td rowspan=\"2\"><span style=\"vertical-align: inherit;\"><span style=\"vertical-align: inherit;\">Almacena informaci\u00f3n del usuario y sus sesiones para mejorar la experiencia de usuario.<\/span><\/span><\/td>\n<\/tr>\n<tr>\n<td><span style=\"vertical-align: inherit;\"><span style=\"vertical-align: inherit;\">_mcid<\/span><\/span><\/td>\n<td rowspan=\"5\"><span style=\"vertical-align: inherit;\"><span style=\"vertical-align: inherit;\">1 a\u00f1o<\/span><\/span><\/td>\n<\/tr>\n<tr>\n<td><span style=\"vertical-align: inherit;\"><span style=\"vertical-align: inherit;\">OptanonAlertBoxClosed<\/span><\/span><\/td>\n<td><span style=\"vertical-align: inherit;\"><span style=\"vertical-align: inherit;\">Permite que el sitio web no muestre el mensaje de aceptaci\u00f3n de cookies m\u00e1s de una vez a un usuario.<\/span><\/span><\/td>\n<\/tr>\n<tr>\n<td><span style=\"vertical-align: inherit;\"><span style=\"vertical-align: inherit;\">OptanonConsent<\/span><\/span><\/td>\n<td><span style=\"vertical-align: inherit;\"><span style=\"vertical-align: inherit;\">Almacena informaci\u00f3n sobre las categor\u00edas de cookies que utiliza el sitio y si los visitantes han otorgado o retirado su consentimiento<\/span><\/span><\/td>\n<\/tr>\n<tr>\n<td><span style=\"vertical-align: inherit;\"><span style=\"vertical-align: inherit;\">__zlcmid<\/span><\/span><\/td>\n<td><span style=\"vertical-align: inherit;\"><span style=\"vertical-align: inherit;\">Son galletas utilizadas para la herramienta ZOPIM para permitir chatear en directo con la atenci\u00f3n al cliente.<\/span><\/span><\/td>\n<\/tr>\n<tr>\n<td><span style=\"vertical-align: inherit;\"><span style=\"vertical-align: inherit;\">MCPopupClosed<\/span><\/span><\/td>\n<td><span style=\"vertical-align: inherit;\"><span style=\"vertical-align: inherit;\">Esta cookie contiene informaci\u00f3n sobre si ya se ha cerrado al menos una vez la ventana emergente para darse de alta en la newsletter.<\/span><\/span><\/td>\n<\/tr>\n<tr>\n<td><span style=\"vertical-align: inherit;\"><span style=\"vertical-align: inherit;\">optimizelyEndUserId<\/span><\/span><\/td>\n<td><span style=\"vertical-align: inherit;\"><span style=\"vertical-align: inherit;\">permanente<\/span><\/span><\/td>\n<td><span style=\"vertical-align: inherit;\"><span style=\"vertical-align: inherit;\">Estos tipos de cookies son utilizados para Optimizely. <\/span><span style=\"vertical-align: inherit;\">Utilizamos Optimizely para realizar A \/ B test en nuestra web. <\/span><span style=\"vertical-align: inherit;\">Esto significa que podemos mostrar diferentes variaciones de partes de nuestra web a los usuarios. <\/span><span style=\"vertical-align: inherit;\">Utilizamos los datos agreagados para ver qu\u00e9 variaciones funcionan mejor y as\u00ed optimizar la experiencia de usuario en la web.<\/span><\/span><\/td>\n<\/tr>\n<tr>\n<td><span style=\"vertical-align: inherit;\"><span style=\"vertical-align: inherit;\">tk_tc<\/span><\/span><\/td>\n<td rowspan=\"12\"><span style=\"vertical-align: inherit;\"><span style=\"vertical-align: inherit;\">WordPress<\/span><\/span><\/td>\n<td rowspan=\"5\"><span style=\"vertical-align: inherit;\"><span style=\"vertical-align: inherit;\">sesi\u00f3n<\/span><\/span><\/td>\n<td><span style=\"vertical-align: inherit;\"><span style=\"vertical-align: inherit;\">Recoge datos de los usuarios para mejorar los servicios del motor wordpress<\/span><\/span><\/td>\n<\/tr>\n<tr>\n<td><span style=\"vertical-align: inherit;\"><span style=\"vertical-align: inherit;\">wfwaf-authcookie<\/span><\/span><\/td>\n<td><span style=\"vertical-align: inherit;\"><span style=\"vertical-align: inherit;\">Esta cookie es establecida por el conector de seguridad de WordPress &#8220;Wordfence&#8221;. <\/span><span style=\"vertical-align: inherit;\">Se utiliza para autenticar la solicitud de inicio de sesi\u00f3n del usuario.<\/span><\/span><\/td>\n<\/tr>\n<tr>\n<td><span style=\"vertical-align: inherit;\"><span style=\"vertical-align: inherit;\">wordpress_<\/span><\/span><\/td>\n<td><span style=\"vertical-align: inherit;\"><span style=\"vertical-align: inherit;\">Guarda informaci\u00f3n relativa a la navegaci\u00f3n por la web<\/span><\/span><\/td>\n<\/tr>\n<tr>\n<td><span style=\"vertical-align: inherit;\"><span style=\"vertical-align: inherit;\">wordpress_logged_in_<\/span><\/span><\/td>\n<td><span style=\"vertical-align: inherit;\"><span style=\"vertical-align: inherit;\">Guarda informaci\u00f3n relativa a si estamos autenticados o no<\/span><\/span><\/td>\n<\/tr>\n<tr>\n<td><span style=\"vertical-align: inherit;\"><span style=\"vertical-align: inherit;\">wordpress_test_cookie<\/span><\/span><\/td>\n<td><span style=\"vertical-align: inherit;\"><span style=\"vertical-align: inherit;\">Esta cookie se usa para que el gestor de contenidos WordPress compruebe si el navegador tiene las cookies activadas.<\/span><\/span><\/td>\n<\/tr>\n<tr>\n<td><span style=\"vertical-align: inherit;\"><span style=\"vertical-align: inherit;\">tk_r3d<\/span><\/span><\/td>\n<td><span style=\"vertical-align: inherit;\"><span style=\"vertical-align: inherit;\">3 d\u00edas<\/span><\/span><\/td>\n<td><span style=\"vertical-align: inherit;\"><span style=\"vertical-align: inherit;\">Colecci\u00f3n de m\u00e9tricas internas para la actividad del usuario, utilizada para mejorar la experiencia del usuario.<\/span><\/span><\/td>\n<\/tr>\n<tr>\n<td><span style=\"vertical-align: inherit;\"><span style=\"vertical-align: inherit;\">mailmunch_second_pageview<\/span><\/span><\/td>\n<td><span style=\"vertical-align: inherit;\"><span style=\"vertical-align: inherit;\">7 d\u00edas<\/span><\/span><\/td>\n<td><span style=\"vertical-align: inherit;\"><span style=\"vertical-align: inherit;\">Utilizada para gestionar el servicio de suscripci\u00f3n a listas de correo de los bloques (mailmunch)<\/span><\/span><\/td>\n<\/tr>\n<tr>\n<td><span style=\"vertical-align: inherit;\"><span style=\"vertical-align: inherit;\">catAccCookies<\/span><\/span><\/td>\n<td><span style=\"vertical-align: inherit;\"><span style=\"vertical-align: inherit;\">1 mes<\/span><\/span><\/td>\n<td><span style=\"vertical-align: inherit;\"><span style=\"vertical-align: inherit;\">Contiene informaci\u00f3n referente a si ya se ha cerrado el aviso de cookies de la web<\/span><\/span><\/td>\n<\/tr>\n<tr>\n<td><span style=\"vertical-align: inherit;\"><span style=\"vertical-align: inherit;\">wp-settings-1<\/span><\/span><\/td>\n<td rowspan=\"3\"><span style=\"vertical-align: inherit;\"><span style=\"vertical-align: inherit;\">1 a\u00f1o<\/span><\/span><\/td>\n<td rowspan=\"2\"><span style=\"vertical-align: inherit;\"><span style=\"vertical-align: inherit;\">Estas cookies son utilizadas para WordPress para personalizar la interfaz de usuario.<\/span><\/span><\/td>\n<\/tr>\n<tr>\n<td><span style=\"vertical-align: inherit;\"><span style=\"vertical-align: inherit;\">wp-settings-time-1<\/span><\/span><\/td>\n<\/tr>\n<tr>\n<td><span style=\"vertical-align: inherit;\"><span style=\"vertical-align: inherit;\">tk_lr<\/span><\/span><\/td>\n<td><span style=\"vertical-align: inherit;\"><span style=\"vertical-align: inherit;\">Recopilaci\u00f3n de m\u00e9tricas internas para la actividad del usuario, que se utilizan para mejorar la experiencia del usuario.<\/span><\/span><\/td>\n<\/tr>\n<tr>\n<td><span style=\"vertical-align: inherit;\"><span style=\"vertical-align: inherit;\">tk_or<\/span><\/span><\/td>\n<td><span style=\"vertical-align: inherit;\"><span style=\"vertical-align: inherit;\">permanente<\/span><\/span><\/td>\n<td><span style=\"vertical-align: inherit;\"><span style=\"vertical-align: inherit;\">Colecci\u00f3n de m\u00e9tricas internas para la actividad del usuario, utilizada para mejorar la experiencia del usuario.<\/span><\/span><\/td>\n<\/tr>\n<tr>\n<td><span style=\"vertical-align: inherit;\"><span style=\"vertical-align: inherit;\">wpml_referer_url<\/span><\/span><\/td>\n<td rowspan=\"2\"><span style=\"vertical-align: inherit;\"><span style=\"vertical-align: inherit;\">WordPress WPML<\/span><\/span><\/td>\n<td><span style=\"vertical-align: inherit;\"><span style=\"vertical-align: inherit;\">1 d\u00eda<\/span><\/span><\/td>\n<td><span style=\"vertical-align: inherit;\"><span style=\"vertical-align: inherit;\">Guarda la \u00faltima p\u00e1gina visitada antes de llegar a la p\u00e1gina actual<\/span><\/span><\/td>\n<\/tr>\n<tr>\n<td><span style=\"vertical-align: inherit;\"><span style=\"vertical-align: inherit;\">_icl_current_language<\/span><\/span><\/td>\n<td><span style=\"vertical-align: inherit;\"><span style=\"vertical-align: inherit;\">1 a\u00f1o<\/span><\/span><\/td>\n<td><span style=\"vertical-align: inherit;\"><span style=\"vertical-align: inherit;\">Identifica el idioma por defecto del usuario<\/span><\/span><\/td>\n<\/tr>\n<tr>\n<td><span style=\"vertical-align: inherit;\"><span style=\"vertical-align: inherit;\">woocommerce_cart_hash<\/span><\/span><\/td>\n<td rowspan=\"3\"><span style=\"vertical-align: inherit;\"><span style=\"vertical-align: inherit;\">WordPress Woocommerce<\/span><\/span><\/td>\n<td rowspan=\"3\"><span style=\"vertical-align: inherit;\"><span style=\"vertical-align: inherit;\">sesi\u00f3n<\/span><\/span><\/td>\n<td rowspan=\"2\"><span style=\"vertical-align: inherit;\"><span style=\"vertical-align: inherit;\">Esta cookies se utiliza para realizar un seguimiento de los datos de compra, contienen informaci\u00f3n sobre la compra en su conjunto y ayuda a WooCommerce, cuando el carro de compra se cambian los datos.<\/span><\/span><\/td>\n<\/tr>\n<tr>\n<td><span style=\"vertical-align: inherit;\"><span style=\"vertical-align: inherit;\">woocommerce_items_in_cart<\/span><\/span><\/td>\n<\/tr>\n<tr>\n<td><span style=\"vertical-align: inherit;\"><span style=\"vertical-align: inherit;\">wp_woocommerce_session<\/span><\/span><\/td>\n<td><span style=\"vertical-align: inherit;\"><span style=\"vertical-align: inherit;\">Esta galletas contiene un c\u00f3digo \u00fanico para cada cliente para que sepa d\u00f3nde encontrar los datos de compra en la base de datos para cada cliente. <\/span><span style=\"vertical-align: inherit;\">Expira las 24 horas.<\/span><\/span><\/td>\n<\/tr>\n<\/tbody>\n<\/table>\n<p>informaci\u00f3n de cookies utilizadas extra\u00edda de:<\/p>\n<p><a href=\"https:\/\/developers.google.com\/analytics\/devguides\/collection\/analyticsjs\/cookie-usage#gajs\">https:\/\/developers.google.com\/analytics\/devguides\/collection\/analyticsjs\/cookie-usage#gajs<\/a><\/p>\n\t\t\t\t\t\t\t\t<\/div>\n\t\t\t\t<\/div>\n\t\t\t\t\t<\/div>\n\t\t<\/div>\n\t\t\t\t\t<\/div>\n\t\t<\/section>\n\t\t\t\t<\/div>\n\t\t","protected":false},"excerpt":{"rendered":"<p>Pol\u00edtica de cookies Esta web utiliza cookies de terceros para analizar la navegaci\u00f3n del usuario. Con la mera navegaci\u00f3n (con [&hellip;]<\/p>\n","protected":false},"author":1,"featured_media":0,"parent":0,"menu_order":0,"comment_status":"closed","ping_status":"closed","template":"page-templates\/template_page-builder.php","meta":{"footnotes":""},"class_list":["post-702","page","type-page","status-publish","hentry"],"_links":{"self":[{"href":"https:\/\/ecosolucions.com\/es\/wp-json\/wp\/v2\/pages\/702","targetHints":{"allow":["GET"]}}],"collection":[{"href":"https:\/\/ecosolucions.com\/es\/wp-json\/wp\/v2\/pages"}],"about":[{"href":"https:\/\/ecosolucions.com\/es\/wp-json\/wp\/v2\/types\/page"}],"author":[{"embeddable":true,"href":"https:\/\/ecosolucions.com\/es\/wp-json\/wp\/v2\/users\/1"}],"replies":[{"embeddable":true,"href":"https:\/\/ecosolucions.com\/es\/wp-json\/wp\/v2\/comments?post=702"}],"version-history":[{"count":5,"href":"https:\/\/ecosolucions.com\/es\/wp-json\/wp\/v2\/pages\/702\/revisions"}],"predecessor-version":[{"id":811,"href":"https:\/\/ecosolucions.com\/es\/wp-json\/wp\/v2\/pages\/702\/revisions\/811"}],"wp:attachment":[{"href":"https:\/\/ecosolucions.com\/es\/wp-json\/wp\/v2\/media?parent=702"}],"curies":[{"name":"wp","href":"https:\/\/api.w.org\/{rel}","templated":true}]}}