{"id":667,"date":"2019-10-30T11:44:43","date_gmt":"2019-10-30T11:44:43","guid":{"rendered":"https:\/\/demo.ecosolucions.com\/servicios-de-ingenieria\/medio-ambiente\/"},"modified":"2019-11-20T14:20:41","modified_gmt":"2019-11-20T14:20:41","slug":"medio-ambiente","status":"publish","type":"page","link":"https:\/\/ecosolucions.com\/es\/servicios-de-ingenieria\/medio-ambiente\/","title":{"rendered":"Medio ambiente"},"content":{"rendered":"\t\t<div data-elementor-type=\"wp-post\" data-elementor-id=\"667\" class=\"elementor elementor-667 elementor-435\">\n\t\t\t\t\t\t<section class=\"elementor-section elementor-top-section elementor-element elementor-element-4b7d5233 elementor-section-height-min-height elementor-section-boxed elementor-section-height-default elementor-section-items-middle\" data-id=\"4b7d5233\" data-element_type=\"section\" data-settings=\"{&quot;background_background&quot;:&quot;classic&quot;}\">\n\t\t\t\t\t\t<div class=\"elementor-container elementor-column-gap-default\">\n\t\t\t\t\t<div class=\"elementor-column elementor-col-100 elementor-top-column elementor-element elementor-element-47f04f9b\" data-id=\"47f04f9b\" data-element_type=\"column\">\n\t\t\t<div class=\"elementor-widget-wrap elementor-element-populated\">\n\t\t\t\t\t\t<section class=\"elementor-section elementor-inner-section elementor-element elementor-element-48d9efdf elementor-section-boxed elementor-section-height-default elementor-section-height-default\" data-id=\"48d9efdf\" data-element_type=\"section\">\n\t\t\t\t\t\t<div class=\"elementor-container elementor-column-gap-default\">\n\t\t\t\t\t<div class=\"elementor-column elementor-col-100 elementor-inner-column elementor-element elementor-element-30598a6e\" data-id=\"30598a6e\" data-element_type=\"column\">\n\t\t\t<div class=\"elementor-widget-wrap elementor-element-populated\">\n\t\t\t\t\t\t<div class=\"elementor-element elementor-element-51566763 elementor-widget elementor-widget-text-editor\" data-id=\"51566763\" data-element_type=\"widget\" data-widget_type=\"text-editor.default\">\n\t\t\t\t<div class=\"elementor-widget-container\">\n\t\t\t\t\t\t\t\t\t<p>Medio ambiente<\/p>\t\t\t\t\t\t\t\t<\/div>\n\t\t\t\t<\/div>\n\t\t\t\t\t<\/div>\n\t\t<\/div>\n\t\t\t\t\t<\/div>\n\t\t<\/section>\n\t\t\t\t\t<\/div>\n\t\t<\/div>\n\t\t\t\t\t<\/div>\n\t\t<\/section>\n\t\t\t\t<section class=\"elementor-section elementor-top-section elementor-element elementor-element-641ed7bd elementor-section-boxed elementor-section-height-default elementor-section-height-default\" data-id=\"641ed7bd\" data-element_type=\"section\" data-settings=\"{&quot;background_background&quot;:&quot;classic&quot;}\">\n\t\t\t\t\t\t<div class=\"elementor-container elementor-column-gap-wider\">\n\t\t\t\t\t<div class=\"elementor-column elementor-col-100 elementor-top-column elementor-element elementor-element-67155823\" data-id=\"67155823\" data-element_type=\"column\">\n\t\t\t<div class=\"elementor-widget-wrap elementor-element-populated\">\n\t\t\t\t\t\t<div class=\"elementor-element elementor-element-43dace75 elementor-widget elementor-widget-text-editor\" data-id=\"43dace75\" data-element_type=\"widget\" data-widget_type=\"text-editor.default\">\n\t\t\t\t<div class=\"elementor-widget-container\">\n\t\t\t\t\t\t\t\t\t<p class=\"MsoNormal\" style=\"margin-top: 6.0pt; text-align: justify;\">Te ayudamos a minimizar el impacto de tu actividad.<\/p>\n\t\t\t\t\t\t\t\t<\/div>\n\t\t\t\t<\/div>\n\t\t\t\t<section class=\"elementor-section elementor-inner-section elementor-element elementor-element-1badb2ed elementor-section-boxed elementor-section-height-default elementor-section-height-default\" data-id=\"1badb2ed\" data-element_type=\"section\">\n\t\t\t\t\t\t<div class=\"elementor-container elementor-column-gap-default\">\n\t\t\t\t\t<div class=\"elementor-column elementor-col-100 elementor-inner-column elementor-element elementor-element-2c578813\" data-id=\"2c578813\" data-element_type=\"column\">\n\t\t\t<div class=\"elementor-widget-wrap elementor-element-populated\">\n\t\t\t\t\t\t<div class=\"elementor-element elementor-element-785d541e elementor-widget elementor-widget-heading\" data-id=\"785d541e\" data-element_type=\"widget\" data-widget_type=\"heading.default\">\n\t\t\t\t<div class=\"elementor-widget-container\">\n\t\t\t\t\t<h4 class=\"elementor-heading-title elementor-size-default\">C\u00e1lculo huella de CO<sub>2<\/sub><\/h4>\t\t\t\t<\/div>\n\t\t\t\t<\/div>\n\t\t\t\t<div class=\"elementor-element elementor-element-6537d11e elementor-widget elementor-widget-text-editor\" data-id=\"6537d11e\" data-element_type=\"widget\" data-widget_type=\"text-editor.default\">\n\t\t\t\t<div class=\"elementor-widget-container\">\n\t\t\t\t\t\t\t\t\t<ul>\n<li>C\u00e1lculo huella organizacional<\/li>\n<li>C\u00e1lculo huella productos<\/li>\n<li>Definici\u00f3n de medidas de reducci\u00f3n y minimizaci\u00f3n de las emisiones de GEI, para alcanzar organizaciones neutras en carbono.<\/li>\n<li>Colaboraci\u00f3n Plataforma ZEO <a href=\"https:\/\/plataformazeo.com\/es\/\" target=\"_blank\" rel=\"noopener\">https:\/\/plataformazeo.com\/es\/ <\/a><\/li>\n<\/ul>\n\t\t\t\t\t\t\t\t<\/div>\n\t\t\t\t<\/div>\n\t\t\t\t\t<\/div>\n\t\t<\/div>\n\t\t\t\t\t<\/div>\n\t\t<\/section>\n\t\t\t\t<section class=\"elementor-section elementor-inner-section elementor-element elementor-element-42930b38 elementor-section-boxed elementor-section-height-default elementor-section-height-default\" data-id=\"42930b38\" data-element_type=\"section\">\n\t\t\t\t\t\t<div class=\"elementor-container elementor-column-gap-default\">\n\t\t\t\t\t<div class=\"elementor-column elementor-col-100 elementor-inner-column elementor-element elementor-element-4abfbcd1\" data-id=\"4abfbcd1\" data-element_type=\"column\">\n\t\t\t<div class=\"elementor-widget-wrap elementor-element-populated\">\n\t\t\t\t\t\t<div class=\"elementor-element elementor-element-64bdeeaf elementor-widget elementor-widget-heading\" data-id=\"64bdeeaf\" data-element_type=\"widget\" data-widget_type=\"heading.default\">\n\t\t\t\t<div class=\"elementor-widget-container\">\n\t\t\t\t\t<h4 class=\"elementor-heading-title elementor-size-default\">Econom\u00eda circular<\/h4>\t\t\t\t<\/div>\n\t\t\t\t<\/div>\n\t\t\t\t<div class=\"elementor-element elementor-element-726155b2 elementor-widget elementor-widget-text-editor\" data-id=\"726155b2\" data-element_type=\"widget\" data-widget_type=\"text-editor.default\">\n\t\t\t\t<div class=\"elementor-widget-container\">\n\t\t\t\t\t\t\t\t\t<ul>\n<li>Asesoramiento en las mejores alternativas posibles de materiales y tecnolog\u00edas de tu proceso para alcanzar el m\u00e1ximo nivel de econom\u00eda circular.<\/li>\n<\/ul>\n\t\t\t\t\t\t\t\t<\/div>\n\t\t\t\t<\/div>\n\t\t\t\t\t<\/div>\n\t\t<\/div>\n\t\t\t\t\t<\/div>\n\t\t<\/section>\n\t\t\t\t<section class=\"elementor-section elementor-inner-section elementor-element elementor-element-714283b8 elementor-section-boxed elementor-section-height-default elementor-section-height-default\" data-id=\"714283b8\" data-element_type=\"section\">\n\t\t\t\t\t\t<div class=\"elementor-container elementor-column-gap-default\">\n\t\t\t\t\t<div class=\"elementor-column elementor-col-100 elementor-inner-column elementor-element elementor-element-3c0a83a8\" data-id=\"3c0a83a8\" data-element_type=\"column\">\n\t\t\t<div class=\"elementor-widget-wrap elementor-element-populated\">\n\t\t\t\t\t\t<div class=\"elementor-element elementor-element-38e939b elementor-widget elementor-widget-heading\" data-id=\"38e939b\" data-element_type=\"widget\" data-widget_type=\"heading.default\">\n\t\t\t\t<div class=\"elementor-widget-container\">\n\t\t\t\t\t<h4 class=\"elementor-heading-title elementor-size-default\">Estudios de impacto ambiental<\/h4>\t\t\t\t<\/div>\n\t\t\t\t<\/div>\n\t\t\t\t<div class=\"elementor-element elementor-element-343751f0 elementor-widget elementor-widget-text-editor\" data-id=\"343751f0\" data-element_type=\"widget\" data-widget_type=\"text-editor.default\">\n\t\t\t\t<div class=\"elementor-widget-container\">\n\t\t\t\t\t\t\t\t\t<ul><li>Redacci\u00f3n de estudios de impacto ambiental.<\/li><li>Elaboraci\u00f3n de anexos de integraci\u00f3n ambiental, para proyectos ejecutivos y constructivos, sujetas a estudio y declaraci\u00f3n de impacto ambiental.<\/li><li>Gesti\u00f3n ambiental de obras de la construcci\u00f3n.<\/li><\/ul>\t\t\t\t\t\t\t\t<\/div>\n\t\t\t\t<\/div>\n\t\t\t\t\t<\/div>\n\t\t<\/div>\n\t\t\t\t\t<\/div>\n\t\t<\/section>\n\t\t\t\t<section class=\"elementor-section elementor-inner-section elementor-element elementor-element-c731e96 elementor-section-boxed elementor-section-height-default elementor-section-height-default\" data-id=\"c731e96\" data-element_type=\"section\">\n\t\t\t\t\t\t<div class=\"elementor-container elementor-column-gap-default\">\n\t\t\t\t\t<div class=\"elementor-column elementor-col-100 elementor-inner-column elementor-element elementor-element-00c6527\" data-id=\"00c6527\" data-element_type=\"column\">\n\t\t\t<div class=\"elementor-widget-wrap elementor-element-populated\">\n\t\t\t\t\t\t<div class=\"elementor-element elementor-element-38e545f elementor-widget elementor-widget-heading\" data-id=\"38e545f\" data-element_type=\"widget\" data-widget_type=\"heading.default\">\n\t\t\t\t<div class=\"elementor-widget-container\">\n\t\t\t\t\t<h4 class=\"elementor-heading-title elementor-size-default\">Sistemas de gesti\u00f3n ambiental<\/h4>\t\t\t\t<\/div>\n\t\t\t\t<\/div>\n\t\t\t\t<div class=\"elementor-element elementor-element-41226af elementor-widget elementor-widget-text-editor\" data-id=\"41226af\" data-element_type=\"widget\" data-widget_type=\"text-editor.default\">\n\t\t\t\t<div class=\"elementor-widget-container\">\n\t\t\t\t\t\t\t\t\t<ul>\n<li>Apoyo en la implantaci\u00f3n y seguimiento de sistemas de gesti\u00f3n ambiental seg\u00fan la norma ISO 14001: 2004 y \/ o el Reglamento EMAS II.<\/li>\n<li>Realizaci\u00f3n de estudios de evaluaci\u00f3n ambiental inicial para empresas que se quieren certificar.<\/li>\n<li>Realizaci\u00f3n de jornadas y sesiones de formaci\u00f3n ambiental para trabajadores y subcontratados de empresas certificadas.<\/li>\n<li>Realizaci\u00f3n de auditor\u00edas internas.<\/li>\n<\/ul>\n\t\t\t\t\t\t\t\t<\/div>\n\t\t\t\t<\/div>\n\t\t\t\t\t<\/div>\n\t\t<\/div>\n\t\t\t\t\t<\/div>\n\t\t<\/section>\n\t\t\t\t<section class=\"elementor-section elementor-inner-section elementor-element elementor-element-0553203 elementor-section-boxed elementor-section-height-default elementor-section-height-default\" data-id=\"0553203\" data-element_type=\"section\">\n\t\t\t\t\t\t<div class=\"elementor-container elementor-column-gap-default\">\n\t\t\t\t\t<div class=\"elementor-column elementor-col-100 elementor-inner-column elementor-element elementor-element-018f044\" data-id=\"018f044\" data-element_type=\"column\">\n\t\t\t<div class=\"elementor-widget-wrap elementor-element-populated\">\n\t\t\t\t\t\t<div class=\"elementor-element elementor-element-3b20ce7 elementor-widget elementor-widget-heading\" data-id=\"3b20ce7\" data-element_type=\"widget\" data-widget_type=\"heading.default\">\n\t\t\t\t<div class=\"elementor-widget-container\">\n\t\t\t\t\t<h4 class=\"elementor-heading-title elementor-size-default\">Tratamiento y reutilizaci\u00f3n de aguas residuales<\/h4>\t\t\t\t<\/div>\n\t\t\t\t<\/div>\n\t\t\t\t<div class=\"elementor-element elementor-element-3252ce1 elementor-widget elementor-widget-text-editor\" data-id=\"3252ce1\" data-element_type=\"widget\" data-widget_type=\"text-editor.default\">\n\t\t\t\t<div class=\"elementor-widget-container\">\n\t\t\t\t\t\t\t\t\t<ul>\n<li>Dise\u00f1o, construcci\u00f3n y mejora de sistemas de depuraci\u00f3n de aguas.<\/li>\n<li>Depuraci\u00f3n de aguas mediante sistemas naturales: filtros verdes y lagunas.<\/li>\n<li>Estudio de las opciones de reutilizaci\u00f3n de aguas para riego u otros usos.<\/li>\n<li>Dise\u00f1o de sistemas independientes de aguas grises y negras.<\/li>\n<li>Almacenamiento y reutilizaci\u00f3n de aguas pluviales.<\/li>\n<\/ul>\n\t\t\t\t\t\t\t\t<\/div>\n\t\t\t\t<\/div>\n\t\t\t\t\t<\/div>\n\t\t<\/div>\n\t\t\t\t\t<\/div>\n\t\t<\/section>\n\t\t\t\t<section class=\"elementor-section elementor-inner-section elementor-element elementor-element-f45ab57 elementor-section-boxed elementor-section-height-default elementor-section-height-default\" data-id=\"f45ab57\" data-element_type=\"section\">\n\t\t\t\t\t\t<div class=\"elementor-container elementor-column-gap-default\">\n\t\t\t\t\t<div class=\"elementor-column elementor-col-100 elementor-inner-column elementor-element elementor-element-2780517\" data-id=\"2780517\" data-element_type=\"column\">\n\t\t\t<div class=\"elementor-widget-wrap elementor-element-populated\">\n\t\t\t\t\t\t<div class=\"elementor-element elementor-element-e0dbbe6 elementor-widget elementor-widget-heading\" data-id=\"e0dbbe6\" data-element_type=\"widget\" data-widget_type=\"heading.default\">\n\t\t\t\t<div class=\"elementor-widget-container\">\n\t\t\t\t\t<h4 class=\"elementor-heading-title elementor-size-default\">Tratamiento de residuos<\/h4>\t\t\t\t<\/div>\n\t\t\t\t<\/div>\n\t\t\t\t<div class=\"elementor-element elementor-element-2e72f7d elementor-widget elementor-widget-text-editor\" data-id=\"2e72f7d\" data-element_type=\"widget\" data-widget_type=\"text-editor.default\">\n\t\t\t\t<div class=\"elementor-widget-container\">\n\t\t\t\t\t\t\t\t\t<ul>\n<li>Optimizaci\u00f3n de los sistemas de recogida y gesti\u00f3n de residuos en empresas.<\/li>\n<li>Estudios de las mejores opciones de gesti\u00f3n de residuos. An\u00e1lisis de costes.<\/li>\n<li>Mejora de procesos para minimizar y \/ o eliminar los residuos creados.<\/li>\n<li>An\u00e1lisis del marco legal en materia de opciones y las responsabilidades en la gesti\u00f3n de residuos de los diferentes agentes implicados.<\/li>\n<\/ul>\n\t\t\t\t\t\t\t\t<\/div>\n\t\t\t\t<\/div>\n\t\t\t\t\t<\/div>\n\t\t<\/div>\n\t\t\t\t\t<\/div>\n\t\t<\/section>\n\t\t\t\t<section class=\"elementor-section elementor-inner-section elementor-element elementor-element-fd83cb6 elementor-section-boxed elementor-section-height-default elementor-section-height-default\" data-id=\"fd83cb6\" data-element_type=\"section\">\n\t\t\t\t\t\t<div class=\"elementor-container elementor-column-gap-default\">\n\t\t\t\t\t<div class=\"elementor-column elementor-col-100 elementor-inner-column elementor-element elementor-element-7e271df\" data-id=\"7e271df\" data-element_type=\"column\">\n\t\t\t<div class=\"elementor-widget-wrap elementor-element-populated\">\n\t\t\t\t\t\t<div class=\"elementor-element elementor-element-46a9558 elementor-widget elementor-widget-heading\" data-id=\"46a9558\" data-element_type=\"widget\" data-widget_type=\"heading.default\">\n\t\t\t\t<div class=\"elementor-widget-container\">\n\t\t\t\t\t<h4 class=\"elementor-heading-title elementor-size-default\">Abastecimientos de aguas<\/h4>\t\t\t\t<\/div>\n\t\t\t\t<\/div>\n\t\t\t\t<div class=\"elementor-element elementor-element-2257b83 elementor-widget elementor-widget-text-editor\" data-id=\"2257b83\" data-element_type=\"widget\" data-widget_type=\"text-editor.default\">\n\t\t\t\t<div class=\"elementor-widget-container\">\n\t\t\t\t\t\t\t\t\t<ul>\n<li>Dise\u00f1o y c\u00e1lculo de proyectos de pozos.<\/li>\n<li>Ayuda en los tr\u00e1mites administrativos.<\/li>\n<li>Autocontrol de aguas para consumo humano.<\/li>\n<li>Autocontrol de aguas de piscina.<\/li>\n<\/ul>\n\t\t\t\t\t\t\t\t<\/div>\n\t\t\t\t<\/div>\n\t\t\t\t\t<\/div>\n\t\t<\/div>\n\t\t\t\t\t<\/div>\n\t\t<\/section>\n\t\t\t\t<section class=\"elementor-section elementor-inner-section elementor-element elementor-element-e4948c9 elementor-section-boxed elementor-section-height-default elementor-section-height-default\" data-id=\"e4948c9\" data-element_type=\"section\">\n\t\t\t\t\t\t<div class=\"elementor-container elementor-column-gap-default\">\n\t\t\t\t\t<div class=\"elementor-column elementor-col-100 elementor-inner-column elementor-element elementor-element-679b18d\" data-id=\"679b18d\" data-element_type=\"column\">\n\t\t\t<div class=\"elementor-widget-wrap elementor-element-populated\">\n\t\t\t\t\t\t<div class=\"elementor-element elementor-element-f64722e elementor-widget elementor-widget-heading\" data-id=\"f64722e\" data-element_type=\"widget\" data-widget_type=\"heading.default\">\n\t\t\t\t<div class=\"elementor-widget-container\">\n\t\t\t\t\t<h4 class=\"elementor-heading-title elementor-size-default\">Tr\u00e1mites administrativos<\/h4>\t\t\t\t<\/div>\n\t\t\t\t<\/div>\n\t\t\t\t<div class=\"elementor-element elementor-element-3e11155 elementor-widget elementor-widget-text-editor\" data-id=\"3e11155\" data-element_type=\"widget\" data-widget_type=\"text-editor.default\">\n\t\t\t\t<div class=\"elementor-widget-container\">\n\t\t\t\t\t\t\t\t\t<ul>\n<li>Autorizaci\u00f3n de vertido de aguas residuales.<\/li>\n<li>Declaraci\u00f3n del Uso y la Contaminaci\u00f3n del Agua (DUCA).<\/li>\n<li>Tramitaci\u00f3n y modificaci\u00f3n de concesiones de agua.<\/li>\n<li>Declaraci\u00f3n Anual de residuos para productores industriales (DARI, DAE y DARIG).<\/li>\n<li>Estudios de minimizaci\u00f3n de residuos especiales (EMRE).<\/li>\n<li>Solicitud de financiaci\u00f3n y ayudas para diferentes tipos de inversiones ambientales en todas las administraciones.<\/li>\n<\/ul>\n\t\t\t\t\t\t\t\t<\/div>\n\t\t\t\t<\/div>\n\t\t\t\t\t<\/div>\n\t\t<\/div>\n\t\t\t\t\t<\/div>\n\t\t<\/section>\n\t\t\t\t\t<\/div>\n\t\t<\/div>\n\t\t\t\t\t<\/div>\n\t\t<\/section>\n\t\t\t\t<\/div>\n\t\t","protected":false},"excerpt":{"rendered":"<p>Medio ambiente Te ayudamos a minimizar el impacto de tu actividad. C\u00e1lculo huella de CO2 C\u00e1lculo huella organizacional C\u00e1lculo huella [&hellip;]<\/p>\n","protected":false},"author":1,"featured_media":0,"parent":659,"menu_order":0,"comment_status":"closed","ping_status":"closed","template":"page-templates\/template_page-builder.php","meta":{"footnotes":""},"class_list":["post-667","page","type-page","status-publish","hentry"],"_links":{"self":[{"href":"https:\/\/ecosolucions.com\/es\/wp-json\/wp\/v2\/pages\/667","targetHints":{"allow":["GET"]}}],"collection":[{"href":"https:\/\/ecosolucions.com\/es\/wp-json\/wp\/v2\/pages"}],"about":[{"href":"https:\/\/ecosolucions.com\/es\/wp-json\/wp\/v2\/types\/page"}],"author":[{"embeddable":true,"href":"https:\/\/ecosolucions.com\/es\/wp-json\/wp\/v2\/users\/1"}],"replies":[{"embeddable":true,"href":"https:\/\/ecosolucions.com\/es\/wp-json\/wp\/v2\/comments?post=667"}],"version-history":[{"count":14,"href":"https:\/\/ecosolucions.com\/es\/wp-json\/wp\/v2\/pages\/667\/revisions"}],"predecessor-version":[{"id":854,"href":"https:\/\/ecosolucions.com\/es\/wp-json\/wp\/v2\/pages\/667\/revisions\/854"}],"up":[{"embeddable":true,"href":"https:\/\/ecosolucions.com\/es\/wp-json\/wp\/v2\/pages\/659"}],"wp:attachment":[{"href":"https:\/\/ecosolucions.com\/es\/wp-json\/wp\/v2\/media?parent=667"}],"curies":[{"name":"wp","href":"https:\/\/api.w.org\/{rel}","templated":true}]}}