{"id":665,"date":"2019-10-30T11:44:06","date_gmt":"2019-10-30T11:44:06","guid":{"rendered":"https:\/\/demo.ecosolucions.com\/servicios-de-ingenieria\/licencias-de-actividad\/"},"modified":"2019-11-13T15:44:35","modified_gmt":"2019-11-13T15:44:35","slug":"licencias-de-actividad","status":"publish","type":"page","link":"https:\/\/ecosolucions.com\/es\/servicios-de-ingenieria\/licencias-de-actividad\/","title":{"rendered":"Licencias de actividad"},"content":{"rendered":"\t\t<div data-elementor-type=\"wp-post\" data-elementor-id=\"665\" class=\"elementor elementor-665 elementor-436\">\n\t\t\t\t\t\t<section class=\"elementor-section elementor-top-section elementor-element elementor-element-35ba8315 elementor-section-height-min-height elementor-section-boxed elementor-section-height-default elementor-section-items-middle\" data-id=\"35ba8315\" data-element_type=\"section\" data-settings=\"{&quot;background_background&quot;:&quot;classic&quot;}\">\n\t\t\t\t\t\t<div class=\"elementor-container elementor-column-gap-default\">\n\t\t\t\t\t<div class=\"elementor-column elementor-col-100 elementor-top-column elementor-element elementor-element-705c0e7d\" data-id=\"705c0e7d\" data-element_type=\"column\">\n\t\t\t<div class=\"elementor-widget-wrap elementor-element-populated\">\n\t\t\t\t\t\t<section class=\"elementor-section elementor-inner-section elementor-element elementor-element-33e9d7aa elementor-section-boxed elementor-section-height-default elementor-section-height-default\" data-id=\"33e9d7aa\" data-element_type=\"section\">\n\t\t\t\t\t\t<div class=\"elementor-container elementor-column-gap-default\">\n\t\t\t\t\t<div class=\"elementor-column elementor-col-100 elementor-inner-column elementor-element elementor-element-7907b184\" data-id=\"7907b184\" data-element_type=\"column\">\n\t\t\t<div class=\"elementor-widget-wrap elementor-element-populated\">\n\t\t\t\t\t\t<div class=\"elementor-element elementor-element-26d01592 elementor-widget elementor-widget-text-editor\" data-id=\"26d01592\" data-element_type=\"widget\" data-widget_type=\"text-editor.default\">\n\t\t\t\t<div class=\"elementor-widget-container\">\n\t\t\t\t\t\t\t\t\t<p>Licencias de actividad<\/p>\t\t\t\t\t\t\t\t<\/div>\n\t\t\t\t<\/div>\n\t\t\t\t\t<\/div>\n\t\t<\/div>\n\t\t\t\t\t<\/div>\n\t\t<\/section>\n\t\t\t\t\t<\/div>\n\t\t<\/div>\n\t\t\t\t\t<\/div>\n\t\t<\/section>\n\t\t\t\t<section class=\"elementor-section elementor-top-section elementor-element elementor-element-fd405f3 elementor-section-boxed elementor-section-height-default elementor-section-height-default\" data-id=\"fd405f3\" data-element_type=\"section\" data-settings=\"{&quot;background_background&quot;:&quot;classic&quot;}\">\n\t\t\t\t\t\t<div class=\"elementor-container elementor-column-gap-wider\">\n\t\t\t\t\t<div class=\"elementor-column elementor-col-100 elementor-top-column elementor-element elementor-element-c55d1b\" data-id=\"c55d1b\" data-element_type=\"column\">\n\t\t\t<div class=\"elementor-widget-wrap elementor-element-populated\">\n\t\t\t\t\t\t<div class=\"elementor-element elementor-element-737d4f08 elementor-widget elementor-widget-text-editor\" data-id=\"737d4f08\" data-element_type=\"widget\" data-widget_type=\"text-editor.default\">\n\t\t\t\t<div class=\"elementor-widget-container\">\n\t\t\t\t\t\t\t\t\t<p>Te acompa\u00f1amos en el proceso de apertura de tu actividad.<\/p>\n\t\t\t\t\t\t\t\t<\/div>\n\t\t\t\t<\/div>\n\t\t\t\t<section class=\"elementor-section elementor-inner-section elementor-element elementor-element-5e209033 elementor-section-boxed elementor-section-height-default elementor-section-height-default\" data-id=\"5e209033\" data-element_type=\"section\">\n\t\t\t\t\t\t<div class=\"elementor-container elementor-column-gap-default\">\n\t\t\t\t\t<div class=\"elementor-column elementor-col-100 elementor-inner-column elementor-element elementor-element-6b4f2fcd\" data-id=\"6b4f2fcd\" data-element_type=\"column\">\n\t\t\t<div class=\"elementor-widget-wrap elementor-element-populated\">\n\t\t\t\t\t\t<div class=\"elementor-element elementor-element-eba3d54 elementor-widget elementor-widget-heading\" data-id=\"eba3d54\" data-element_type=\"widget\" data-widget_type=\"heading.default\">\n\t\t\t\t<div class=\"elementor-widget-container\">\n\t\t\t\t\t<h4 class=\"elementor-heading-title elementor-size-default\">Proyectos en r\u00e9gimen de Declaraci\u00f3n Responsable<\/h4>\t\t\t\t<\/div>\n\t\t\t\t<\/div>\n\t\t\t\t<div class=\"elementor-element elementor-element-5e0ff37 elementor-widget elementor-widget-text-editor\" data-id=\"5e0ff37\" data-element_type=\"widget\" data-widget_type=\"text-editor.default\">\n\t\t\t\t<div class=\"elementor-widget-container\">\n\t\t\t\t\t\t\t\t\t<ul>\n<li>Adecuaci\u00f3n del local a la normativa.<\/li>\n<li>Recopilaci\u00f3n de toda la documentaci\u00f3n legal necesaria.<\/li>\n<li>Preparaci\u00f3n documentaci\u00f3n municipal.<\/li>\n<li>Certificado T\u00e9cnico justificativo.<\/li>\n<li>Presentaci\u00f3n a la Ventanilla \u00danica Electr\u00f3nica (FUE).<\/li>\n<li>Seguimiento del tr\u00e1mite hasta la resoluci\u00f3n favorable.<\/li>\n<\/ul>\n\t\t\t\t\t\t\t\t<\/div>\n\t\t\t\t<\/div>\n\t\t\t\t\t<\/div>\n\t\t<\/div>\n\t\t\t\t\t<\/div>\n\t\t<\/section>\n\t\t\t\t<section class=\"elementor-section elementor-inner-section elementor-element elementor-element-4b06cd3 elementor-section-boxed elementor-section-height-default elementor-section-height-default\" data-id=\"4b06cd3\" data-element_type=\"section\">\n\t\t\t\t\t\t<div class=\"elementor-container elementor-column-gap-default\">\n\t\t\t\t\t<div class=\"elementor-column elementor-col-100 elementor-inner-column elementor-element elementor-element-2b6af533\" data-id=\"2b6af533\" data-element_type=\"column\">\n\t\t\t<div class=\"elementor-widget-wrap elementor-element-populated\">\n\t\t\t\t\t\t<div class=\"elementor-element elementor-element-3e797933 elementor-widget elementor-widget-heading\" data-id=\"3e797933\" data-element_type=\"widget\" data-widget_type=\"heading.default\">\n\t\t\t\t<div class=\"elementor-widget-container\">\n\t\t\t\t\t<h4 class=\"elementor-heading-title elementor-size-default\">Proyectos en r\u00e9gimen de Comunicaci\u00f3n Previa (Anexo III Ley 20\/2009)<\/h4>\t\t\t\t<\/div>\n\t\t\t\t<\/div>\n\t\t\t\t<div class=\"elementor-element elementor-element-230bd919 elementor-widget elementor-widget-text-editor\" data-id=\"230bd919\" data-element_type=\"widget\" data-widget_type=\"text-editor.default\">\n\t\t\t\t<div class=\"elementor-widget-container\">\n\t\t\t\t\t\t\t\t\t<ul>\n<li>Redacci\u00f3n proyecto t\u00e9cnico. <\/Li>\n<li>Seguimiento y asesoramiento durante las obras de adecuaci\u00f3n del local. <\/Li>\n<li>Certificado final de asume t\u00e9cnico de actividad. <\/Li>\n<li>Recopilaci\u00f3n de toda la documentaci\u00f3n legal necesaria. <\/li>\n<li>Preparaci\u00f3n documentaci\u00f3n municipal. <\/li>\n<li>Presentaci\u00f3n a la Ventanilla \u00danica Electr\u00f3nica (FUE). <\/li>\n<li>Seguimiento del tr\u00e1mite hasta la resoluci\u00f3n favorable. <\/li>\n<\/ul>\n\t\t\t\t\t\t\t\t<\/div>\n\t\t\t\t<\/div>\n\t\t\t\t\t<\/div>\n\t\t<\/div>\n\t\t\t\t\t<\/div>\n\t\t<\/section>\n\t\t\t\t<section class=\"elementor-section elementor-inner-section elementor-element elementor-element-69697c28 elementor-section-boxed elementor-section-height-default elementor-section-height-default\" data-id=\"69697c28\" data-element_type=\"section\">\n\t\t\t\t\t\t<div class=\"elementor-container elementor-column-gap-default\">\n\t\t\t\t\t<div class=\"elementor-column elementor-col-100 elementor-inner-column elementor-element elementor-element-43e551cc\" data-id=\"43e551cc\" data-element_type=\"column\">\n\t\t\t<div class=\"elementor-widget-wrap elementor-element-populated\">\n\t\t\t\t\t\t<div class=\"elementor-element elementor-element-52d8c917 elementor-widget elementor-widget-heading\" data-id=\"52d8c917\" data-element_type=\"widget\" data-widget_type=\"heading.default\">\n\t\t\t\t<div class=\"elementor-widget-container\">\n\t\t\t\t\t<h4 class=\"elementor-heading-title elementor-size-default\">Proyectos en r\u00e9gimen de Licencias ambientales (Anexo II Ley 20\/2009)<\/h4>\t\t\t\t<\/div>\n\t\t\t\t<\/div>\n\t\t\t\t<div class=\"elementor-element elementor-element-42bef6d9 elementor-widget elementor-widget-text-editor\" data-id=\"42bef6d9\" data-element_type=\"widget\" data-widget_type=\"text-editor.default\">\n\t\t\t\t<div class=\"elementor-widget-container\">\n\t\t\t\t\t\t\t\t\t<ul>\n<li>Redacci\u00f3n proyecto t\u00e9cnico.<\/li>\n<li>Seguimiento y asesoramiento durante las obras de adecuaci\u00f3n del local.<\/li>\n<li>Certificado final de asume t\u00e9cnico de actividad.<\/li>\n<li>acompa\u00f1amiento en el tr\u00e1mite de Control Inicial por una Entidad Colaboradora de la Administraci\u00f3n.<\/li>\n<li>Recopilaci\u00f3n de toda la documentaci\u00f3n legal necesaria.<\/li>\n<li>Presentaci\u00f3n a la Ventanilla \u00danica Electr\u00f3nica (FUE).<\/li>\n<li>Seguimiento del tr\u00e1mite hasta la resoluci\u00f3n favorable.<\/li>\n<\/ul>\n\t\t\t\t\t\t\t\t<\/div>\n\t\t\t\t<\/div>\n\t\t\t\t\t<\/div>\n\t\t<\/div>\n\t\t\t\t\t<\/div>\n\t\t<\/section>\n\t\t\t\t<section class=\"elementor-section elementor-inner-section elementor-element elementor-element-461c58c elementor-section-boxed elementor-section-height-default elementor-section-height-default\" data-id=\"461c58c\" data-element_type=\"section\">\n\t\t\t\t\t\t<div class=\"elementor-container elementor-column-gap-default\">\n\t\t\t\t\t<div class=\"elementor-column elementor-col-100 elementor-inner-column elementor-element elementor-element-3a99db2\" data-id=\"3a99db2\" data-element_type=\"column\">\n\t\t\t<div class=\"elementor-widget-wrap elementor-element-populated\">\n\t\t\t\t\t\t<div class=\"elementor-element elementor-element-251882b elementor-widget elementor-widget-heading\" data-id=\"251882b\" data-element_type=\"widget\" data-widget_type=\"heading.default\">\n\t\t\t\t<div class=\"elementor-widget-container\">\n\t\t\t\t\t<h4 class=\"elementor-heading-title elementor-size-default\">Proyectos de Protecci\u00f3n Contra Incendios (Anexo I Ley 3\/2010)<\/h4>\t\t\t\t<\/div>\n\t\t\t\t<\/div>\n\t\t\t\t<div class=\"elementor-element elementor-element-3dbe324 elementor-widget elementor-widget-text-editor\" data-id=\"3dbe324\" data-element_type=\"widget\" data-widget_type=\"text-editor.default\">\n\t\t\t\t<div class=\"elementor-widget-container\">\n\t\t\t\t\t\t\t\t\t<ul>\n<li>Redacci\u00f3n proyecto t\u00e9cnico.<\/li>\n<li>Seguimiento y asesoramiento durante las obras de adecuaci\u00f3n del local.<\/li>\n<li>Certificado final de asume t\u00e9cnico del proyecto de protecci\u00f3n contra incendios. <\/li>\n<li>Acompa\u00f1amiento en el tr\u00e1mite de Control Inicial por una Entidad Colaboradora de la Administraci\u00f3n.<\/li>\n<li>Recopilaci\u00f3n de toda la documentaci\u00f3n legal necesaria.<\/li>\n<li>Presentaci\u00f3n a la Ventanilla \u00fanica. Electr\u00f3nica (FUE).<\/li>\n<li>Seguimiento del tr\u00e1mite hasta la resoluci\u00f3n favorable.<\/li>\n<\/ul>\n\t\t\t\t\t\t\t\t<\/div>\n\t\t\t\t<\/div>\n\t\t\t\t\t<\/div>\n\t\t<\/div>\n\t\t\t\t\t<\/div>\n\t\t<\/section>\n\t\t\t\t<section class=\"elementor-section elementor-inner-section elementor-element elementor-element-9813fc2 elementor-section-boxed elementor-section-height-default elementor-section-height-default\" data-id=\"9813fc2\" data-element_type=\"section\">\n\t\t\t\t\t\t<div class=\"elementor-container elementor-column-gap-default\">\n\t\t\t\t\t<div class=\"elementor-column elementor-col-100 elementor-inner-column elementor-element elementor-element-bf7f222\" data-id=\"bf7f222\" data-element_type=\"column\">\n\t\t\t<div class=\"elementor-widget-wrap elementor-element-populated\">\n\t\t\t\t\t\t<div class=\"elementor-element elementor-element-21012a0 elementor-widget elementor-widget-heading\" data-id=\"21012a0\" data-element_type=\"widget\" data-widget_type=\"heading.default\">\n\t\t\t\t<div class=\"elementor-widget-container\">\n\t\t\t\t\t<h4 class=\"elementor-heading-title elementor-size-default\">Documentaci\u00f3n requerida para legalizar actividades<\/h4>\t\t\t\t<\/div>\n\t\t\t\t<\/div>\n\t\t\t\t<div class=\"elementor-element elementor-element-caee30a elementor-widget elementor-widget-text-editor\" data-id=\"caee30a\" data-element_type=\"widget\" data-widget_type=\"text-editor.default\">\n\t\t\t\t<div class=\"elementor-widget-container\">\n\t\t\t\t\t\t\t\t\t<p><Ul><\/p>\n<li>Planes de Emergencia.<\/Li>\n<li>Planes de limpieza y desinfecci\u00f3n.<\/Li>\n<li>Autocontroles de aguas de abastecimiento.<\/Li>\n<li>Autocontroles de piscinas.<\/li>\n<\/ul>\n\t\t\t\t\t\t\t\t<\/div>\n\t\t\t\t<\/div>\n\t\t\t\t\t<\/div>\n\t\t<\/div>\n\t\t\t\t\t<\/div>\n\t\t<\/section>\n\t\t\t\t\t<\/div>\n\t\t<\/div>\n\t\t\t\t\t<\/div>\n\t\t<\/section>\n\t\t\t\t<\/div>\n\t\t","protected":false},"excerpt":{"rendered":"<p>Licencias de actividad Te acompa\u00f1amos en el proceso de apertura de tu actividad. Proyectos en r\u00e9gimen de Declaraci\u00f3n Responsable Adecuaci\u00f3n [&hellip;]<\/p>\n","protected":false},"author":1,"featured_media":0,"parent":659,"menu_order":0,"comment_status":"closed","ping_status":"closed","template":"page-templates\/template_page-builder.php","meta":{"footnotes":""},"class_list":["post-665","page","type-page","status-publish","hentry"],"_links":{"self":[{"href":"https:\/\/ecosolucions.com\/es\/wp-json\/wp\/v2\/pages\/665","targetHints":{"allow":["GET"]}}],"collection":[{"href":"https:\/\/ecosolucions.com\/es\/wp-json\/wp\/v2\/pages"}],"about":[{"href":"https:\/\/ecosolucions.com\/es\/wp-json\/wp\/v2\/types\/page"}],"author":[{"embeddable":true,"href":"https:\/\/ecosolucions.com\/es\/wp-json\/wp\/v2\/users\/1"}],"replies":[{"embeddable":true,"href":"https:\/\/ecosolucions.com\/es\/wp-json\/wp\/v2\/comments?post=665"}],"version-history":[{"count":4,"href":"https:\/\/ecosolucions.com\/es\/wp-json\/wp\/v2\/pages\/665\/revisions"}],"predecessor-version":[{"id":814,"href":"https:\/\/ecosolucions.com\/es\/wp-json\/wp\/v2\/pages\/665\/revisions\/814"}],"up":[{"embeddable":true,"href":"https:\/\/ecosolucions.com\/es\/wp-json\/wp\/v2\/pages\/659"}],"wp:attachment":[{"href":"https:\/\/ecosolucions.com\/es\/wp-json\/wp\/v2\/media?parent=665"}],"curies":[{"name":"wp","href":"https:\/\/api.w.org\/{rel}","templated":true}]}}