{"id":662,"date":"2019-10-29T16:37:30","date_gmt":"2019-10-29T16:37:30","guid":{"rendered":"https:\/\/demo.ecosolucions.com\/servicios-de-ingenieria\/energia\/"},"modified":"2019-11-13T15:43:32","modified_gmt":"2019-11-13T15:43:32","slug":"energia","status":"publish","type":"page","link":"https:\/\/ecosolucions.com\/es\/servicios-de-ingenieria\/energia\/","title":{"rendered":"Energ\u00eda"},"content":{"rendered":"\t\t<div data-elementor-type=\"wp-post\" data-elementor-id=\"662\" class=\"elementor elementor-662 elementor-431\">\n\t\t\t\t\t\t<section class=\"elementor-section elementor-top-section elementor-element elementor-element-18e5e6ef elementor-section-height-min-height elementor-section-boxed elementor-section-height-default elementor-section-items-middle\" data-id=\"18e5e6ef\" data-element_type=\"section\" data-settings=\"{&quot;background_background&quot;:&quot;classic&quot;}\">\n\t\t\t\t\t\t<div class=\"elementor-container elementor-column-gap-default\">\n\t\t\t\t\t<div class=\"elementor-column elementor-col-100 elementor-top-column elementor-element elementor-element-577dd86\" data-id=\"577dd86\" data-element_type=\"column\">\n\t\t\t<div class=\"elementor-widget-wrap elementor-element-populated\">\n\t\t\t\t\t\t<section class=\"elementor-section elementor-inner-section elementor-element elementor-element-3ed387e7 elementor-section-boxed elementor-section-height-default elementor-section-height-default\" data-id=\"3ed387e7\" data-element_type=\"section\">\n\t\t\t\t\t\t<div class=\"elementor-container elementor-column-gap-default\">\n\t\t\t\t\t<div class=\"elementor-column elementor-col-100 elementor-inner-column elementor-element elementor-element-17c7c439\" data-id=\"17c7c439\" data-element_type=\"column\">\n\t\t\t<div class=\"elementor-widget-wrap elementor-element-populated\">\n\t\t\t\t\t\t<div class=\"elementor-element elementor-element-745319d2 elementor-widget elementor-widget-text-editor\" data-id=\"745319d2\" data-element_type=\"widget\" data-widget_type=\"text-editor.default\">\n\t\t\t\t<div class=\"elementor-widget-container\">\n\t\t\t\t\t\t\t\t\t<p>Energ\u00eda<\/p>\t\t\t\t\t\t\t\t<\/div>\n\t\t\t\t<\/div>\n\t\t\t\t\t<\/div>\n\t\t<\/div>\n\t\t\t\t\t<\/div>\n\t\t<\/section>\n\t\t\t\t\t<\/div>\n\t\t<\/div>\n\t\t\t\t\t<\/div>\n\t\t<\/section>\n\t\t\t\t<section class=\"elementor-section elementor-top-section elementor-element elementor-element-1de2fe3 elementor-section-boxed elementor-section-height-default elementor-section-height-default\" data-id=\"1de2fe3\" data-element_type=\"section\" data-settings=\"{&quot;background_background&quot;:&quot;classic&quot;}\">\n\t\t\t\t\t\t<div class=\"elementor-container elementor-column-gap-wider\">\n\t\t\t\t\t<div class=\"elementor-column elementor-col-100 elementor-top-column elementor-element elementor-element-f321e60\" data-id=\"f321e60\" data-element_type=\"column\">\n\t\t\t<div class=\"elementor-widget-wrap elementor-element-populated\">\n\t\t\t\t\t\t<div class=\"elementor-element elementor-element-6f5c99fb elementor-widget elementor-widget-text-editor\" data-id=\"6f5c99fb\" data-element_type=\"widget\" data-widget_type=\"text-editor.default\">\n\t\t\t\t<div class=\"elementor-widget-container\">\n\t\t\t\t\t\t\t\t\t<p class=\"MsoNormal\" style=\"margin-top: 6.0pt; text-align: justify;\"><span lang=\"CA\">Somos certificados CEA\u00ae (Certified Energy Auditor) y CEM\u00ae (Certified Energy Manager).<\/span><\/p>\n\t\t\t\t\t\t\t\t<\/div>\n\t\t\t\t<\/div>\n\t\t\t\t<section class=\"elementor-section elementor-inner-section elementor-element elementor-element-4523a77b elementor-section-boxed elementor-section-height-default elementor-section-height-default\" data-id=\"4523a77b\" data-element_type=\"section\">\n\t\t\t\t\t\t<div class=\"elementor-container elementor-column-gap-default\">\n\t\t\t\t\t<div class=\"elementor-column elementor-col-100 elementor-inner-column elementor-element elementor-element-4a58fac5\" data-id=\"4a58fac5\" data-element_type=\"column\">\n\t\t\t<div class=\"elementor-widget-wrap elementor-element-populated\">\n\t\t\t\t\t\t<div class=\"elementor-element elementor-element-694977bb elementor-widget elementor-widget-heading\" data-id=\"694977bb\" data-element_type=\"widget\" data-widget_type=\"heading.default\">\n\t\t\t\t<div class=\"elementor-widget-container\">\n\t\t\t\t\t<h4 class=\"elementor-heading-title elementor-size-default\">Ahorro y Eficiencia Energ\u00e9tica<\/h4>\t\t\t\t<\/div>\n\t\t\t\t<\/div>\n\t\t\t\t<div class=\"elementor-element elementor-element-7e82dbb0 elementor-widget elementor-widget-text-editor\" data-id=\"7e82dbb0\" data-element_type=\"widget\" data-widget_type=\"text-editor.default\">\n\t\t\t\t<div class=\"elementor-widget-container\">\n\t\t\t\t\t\t\t\t\t<ul>\n<li>Auditor\u00edas energ\u00e9ticas<\/li>\n<li>Asesoramiento en gesti\u00f3n energ\u00e9tica en diferentes fases:\n<ul>\n<li>Recopilaci\u00f3n de facturas, optimizaci\u00f3n de contrataci\u00f3n, establecimiento de ratios de consumo, energ\u00eda reactiva.<\/li>\n<li>An\u00e1lisis b\u00e1sico de procesos y equipos para detectar opciones de mejora posibles en comportamiento energ\u00e9tico.<\/li>\n<li>Estudios espec\u00edficos para equipos consumidores de energ\u00eda: calderas de vapor, compresores de aire.<\/li>\n<\/ul>\n<\/li>\n<li>Recopilaci\u00f3n de datos reales:\n<ul>\n<li>Lecturas de circuitos el\u00e9ctricos con analizador de redes.<\/li>\n<li>Termograf\u00edas de procesos y equipos.<\/li>\n<li>Rendimiento lum\u00ednico con lux\u00f3metro.<\/li>\n<\/ul>\n<\/li>\n<li>Implantaci\u00f3n y seguimiento de sistemas de gesti\u00f3n energ\u00e9tica seg\u00fan la norma ISO 50001.<\/li>\n<\/ul>\n\t\t\t\t\t\t\t\t<\/div>\n\t\t\t\t<\/div>\n\t\t\t\t\t<\/div>\n\t\t<\/div>\n\t\t\t\t\t<\/div>\n\t\t<\/section>\n\t\t\t\t<section class=\"elementor-section elementor-inner-section elementor-element elementor-element-eec815c elementor-section-boxed elementor-section-height-default elementor-section-height-default\" data-id=\"eec815c\" data-element_type=\"section\">\n\t\t\t\t\t\t<div class=\"elementor-container elementor-column-gap-default\">\n\t\t\t\t\t<div class=\"elementor-column elementor-col-100 elementor-inner-column elementor-element elementor-element-04d505a\" data-id=\"04d505a\" data-element_type=\"column\">\n\t\t\t<div class=\"elementor-widget-wrap elementor-element-populated\">\n\t\t\t\t\t\t<div class=\"elementor-element elementor-element-5cd4956 elementor-widget elementor-widget-heading\" data-id=\"5cd4956\" data-element_type=\"widget\" data-widget_type=\"heading.default\">\n\t\t\t\t<div class=\"elementor-widget-container\">\n\t\t\t\t\t<h4 class=\"elementor-heading-title elementor-size-default\">Optimizaci\u00f3n del comportamiento energ\u00e9tico en edificios<\/h4>\t\t\t\t<\/div>\n\t\t\t\t<\/div>\n\t\t\t\t<div class=\"elementor-element elementor-element-cfded72 elementor-widget elementor-widget-text-editor\" data-id=\"cfded72\" data-element_type=\"widget\" data-widget_type=\"text-editor.default\">\n\t\t\t\t<div class=\"elementor-widget-container\">\n\t\t\t\t\t\t\t\t\t<ul>\n<li>Certificaciones energ\u00e9ticas.<\/li>\n<li>Rehabilitaci\u00f3n energ\u00e9tica de edificios, c\u00e1lculo de ahorros y an\u00e1lisis de mejoras: mejora aislamiento edificio con SATE, ventilaci\u00f3n cruzada, pozos de ventilaci\u00f3n, aberturas, sombreados, etc. <\/li>\n<li>Optimizaci\u00f3n de edificios: calificaci\u00f3n energ\u00e9tica A, edificios NZEB, medidas bioclim\u00e1ticas, casas pasivas.<\/li>\n<li> An\u00e1lisis de materiales y m\u00e9todos de construcci\u00f3n: aislantes, puentes t\u00e9rmicos, asimetr\u00eda t\u00e9rmica.<\/li>\n<\/ul>\n\t\t\t\t\t\t\t\t<\/div>\n\t\t\t\t<\/div>\n\t\t\t\t\t<\/div>\n\t\t<\/div>\n\t\t\t\t\t<\/div>\n\t\t<\/section>\n\t\t\t\t<section class=\"elementor-section elementor-inner-section elementor-element elementor-element-0b17107 elementor-section-boxed elementor-section-height-default elementor-section-height-default\" data-id=\"0b17107\" data-element_type=\"section\">\n\t\t\t\t\t\t<div class=\"elementor-container elementor-column-gap-default\">\n\t\t\t\t\t<div class=\"elementor-column elementor-col-100 elementor-inner-column elementor-element elementor-element-c399a20\" data-id=\"c399a20\" data-element_type=\"column\">\n\t\t\t<div class=\"elementor-widget-wrap elementor-element-populated\">\n\t\t\t\t\t\t<div class=\"elementor-element elementor-element-689f8d4 elementor-widget elementor-widget-heading\" data-id=\"689f8d4\" data-element_type=\"widget\" data-widget_type=\"heading.default\">\n\t\t\t\t<div class=\"elementor-widget-container\">\n\t\t\t\t\t<h4 class=\"elementor-heading-title elementor-size-default\">Energ\u00edas renovables para alcanzar el reto de la transici\u00f3n energ\u00e9tica<\/h4>\t\t\t\t<\/div>\n\t\t\t\t<\/div>\n\t\t\t\t<div class=\"elementor-element elementor-element-02b4d95 elementor-widget elementor-widget-text-editor\" data-id=\"02b4d95\" data-element_type=\"widget\" data-widget_type=\"text-editor.default\">\n\t\t\t\t<div class=\"elementor-widget-container\">\n\t\t\t\t\t\t\t\t\t<ul>\n<li>Proyectos de energ\u00eda solar fotovoltaica para autoconsumo o electrificaci\u00f3n. <\/li>\n<li>Proyectos de sistemas solares t\u00e9rmicos para edificaciones para agua caliente sanitaria, piscinas y \/ o calefacci\u00f3n. <\/li>\n<li>C\u00e1lculo de inversiones y amortizaciones para aplicaciones de energ\u00edas renovables. <\/li>\n<li>Proyectos de biog\u00e1s para aplicaciones en granjas de ganado con problemas de exceso de residuos org\u00e1nicos, para obtenci\u00f3n de biog\u00e1s y fertilizante natural. <\/li>\n<li>Tr\u00e1mites de ayudas (financiaci\u00f3n o subvenciones) dentro de las convocatorias de las diferentes administraciones. <\/li>\n<\/ul>\n\t\t\t\t\t\t\t\t<\/div>\n\t\t\t\t<\/div>\n\t\t\t\t\t<\/div>\n\t\t<\/div>\n\t\t\t\t\t<\/div>\n\t\t<\/section>\n\t\t\t\t<section class=\"elementor-section elementor-inner-section elementor-element elementor-element-98d2989 elementor-section-boxed elementor-section-height-default elementor-section-height-default\" data-id=\"98d2989\" data-element_type=\"section\">\n\t\t\t\t\t\t<div class=\"elementor-container elementor-column-gap-default\">\n\t\t\t\t\t<div class=\"elementor-column elementor-col-100 elementor-inner-column elementor-element elementor-element-1ba33ea\" data-id=\"1ba33ea\" data-element_type=\"column\">\n\t\t\t<div class=\"elementor-widget-wrap elementor-element-populated\">\n\t\t\t\t\t\t<div class=\"elementor-element elementor-element-4656498 elementor-widget elementor-widget-heading\" data-id=\"4656498\" data-element_type=\"widget\" data-widget_type=\"heading.default\">\n\t\t\t\t<div class=\"elementor-widget-container\">\n\t\t\t\t\t<h4 class=\"elementor-heading-title elementor-size-default\">Docencia en universidades y cursos de instaladores.<\/h4>\t\t\t\t<\/div>\n\t\t\t\t<\/div>\n\t\t\t\t\t<\/div>\n\t\t<\/div>\n\t\t\t\t\t<\/div>\n\t\t<\/section>\n\t\t\t\t\t<\/div>\n\t\t<\/div>\n\t\t\t\t\t<\/div>\n\t\t<\/section>\n\t\t\t\t<\/div>\n\t\t","protected":false},"excerpt":{"rendered":"<p>Energ\u00eda Somos certificados CEA\u00ae (Certified Energy Auditor) y CEM\u00ae (Certified Energy Manager). Ahorro y Eficiencia Energ\u00e9tica Auditor\u00edas energ\u00e9ticas Asesoramiento en [&hellip;]<\/p>\n","protected":false},"author":1,"featured_media":0,"parent":659,"menu_order":0,"comment_status":"closed","ping_status":"closed","template":"page-templates\/template_page-builder.php","meta":{"footnotes":""},"class_list":["post-662","page","type-page","status-publish","hentry"],"_links":{"self":[{"href":"https:\/\/ecosolucions.com\/es\/wp-json\/wp\/v2\/pages\/662","targetHints":{"allow":["GET"]}}],"collection":[{"href":"https:\/\/ecosolucions.com\/es\/wp-json\/wp\/v2\/pages"}],"about":[{"href":"https:\/\/ecosolucions.com\/es\/wp-json\/wp\/v2\/types\/page"}],"author":[{"embeddable":true,"href":"https:\/\/ecosolucions.com\/es\/wp-json\/wp\/v2\/users\/1"}],"replies":[{"embeddable":true,"href":"https:\/\/ecosolucions.com\/es\/wp-json\/wp\/v2\/comments?post=662"}],"version-history":[{"count":6,"href":"https:\/\/ecosolucions.com\/es\/wp-json\/wp\/v2\/pages\/662\/revisions"}],"predecessor-version":[{"id":809,"href":"https:\/\/ecosolucions.com\/es\/wp-json\/wp\/v2\/pages\/662\/revisions\/809"}],"up":[{"embeddable":true,"href":"https:\/\/ecosolucions.com\/es\/wp-json\/wp\/v2\/pages\/659"}],"wp:attachment":[{"href":"https:\/\/ecosolucions.com\/es\/wp-json\/wp\/v2\/media?parent=662"}],"curies":[{"name":"wp","href":"https:\/\/api.w.org\/{rel}","templated":true}]}}